{"id":595,"date":"2020-03-28T18:56:50","date_gmt":"2020-03-28T17:56:50","guid":{"rendered":"https:\/\/new.bellevue-mediation.ch\/training-instructional-programs\/"},"modified":"2026-01-25T19:08:20","modified_gmt":"2026-01-25T18:08:20","slug":"training-instructional-programs","status":"publish","type":"page","link":"https:\/\/www.bellevue-mediation.ch\/en\/expertise\/training-instructional-programs\/","title":{"rendered":"Trainings &#038; Workshops"},"content":{"rendered":"<p><div class=\"et_d4_element et_pb_section et_pb_section_0 bm-header-section et_pb_with_background  et_pb_css_mix_blend_mode et_pb_fullwidth_section et_section_regular et_block_section\" >\n\t\t\t\t\n\t\t\t\t\n\t\t\t\t\n\t\t\t\t\n\t\t\t\t\n\t\t\t\t\n\t\t\t\t<section class=\"et_pb_module et_d4_element et_pb_fullwidth_header et_pb_fullwidth_header_0 bm-header-module  et_pb_css_mix_blend_mode et_pb_text_align_left et_pb_bg_layout_dark\">\n\t\t\t\t\n\t\t\t\t\n\t\t\t\t\n\t\t\t\t\n\t\t\t\t<div class=\"et_pb_fullwidth_header_container left\">\n\t\t\t\t\t<div class=\"header-content-container center\">\n\t\t\t\t\t<div class=\"header-content\">\n\t\t\t\t\t\t\n\t\t\t\t\t\t<h1 class=\"et_pb_module_header\">Trainings &amp; Workshops<\/h1>\n\t\t\t\t\t\t\n\t\t\t\t\t\t<div class=\"et_pb_header_content_wrapper\"><\/div>\n\t\t\t\t\t\t\n\t\t\t\t\t<\/div>\n\t\t\t\t<\/div>\n\t\t\t\t\t\n\t\t\t\t<\/div>\n\t\t\t\t<div class=\"et_pb_fullwidth_header_overlay\"><\/div>\n\t\t\t\t<div class=\"et_pb_fullwidth_header_scroll\"><\/div>\n\t\t\t<\/section>\n\t\t\t\t\n\t\t\t\t\n\t\t\t<\/div><div class=\"et_d4_element et_pb_section et_pb_section_1  et_pb_css_mix_blend_mode et_section_regular et_block_section\" >\n\t\t\t\t\n\t\t\t\t\n\t\t\t\t\n\t\t\t\t\n\t\t\t\t\n\t\t\t\t\n\t\t\t\t<div class=\"et_d4_element et_pb_row et_pb_row_0  et_pb_css_mix_blend_mode et_block_row\">\n\t\t\t\t<div class=\"et_d4_element et_pb_column_1_2 et_pb_column et_pb_column_0  et_pb_css_mix_blend_mode et_block_column\">\n\t\t\t\t\n\t\t\t\t\n\t\t\t\t\n\t\t\t\t\n\t\t\t\t<div class=\"et_pb_module et_d4_element et_pb_text et_pb_text_0  et_pb_text_align_left et_pb_bg_layout_light\">\n\t\t\t\t\n\t\t\t\t\n\t\t\t\t\n\t\t\t\t\n\t\t\t\t<div class=\"et_pb_text_inner\"><p>Seminar<\/p>\n<p><\/p>\n<h2>Mediationsverfahren: In Kontakt mit den Parteien<\/h2>\n<p><\/p>\n<p><strong>5. M\u00e4rz 2026 (8 Weiterbildungs-Credits)<\/strong><\/p>\n<p><\/p>\n<p>Rechtliche und \u00f6konomische Aspekte spielen in der Konfliktbearbeitung eine wichtige Rolle \u2013 doch sie allein l\u00f6sen keinen Konflikt. Entscheidend ist, wie nahe die Mediationsperson an die Parteien kommt und ob echter Kontakt entsteht.<\/p>\n<p><\/p>\n<p>Mediation lebt von Beziehung. Vertrauen, Pr\u00e4senz und das Gesp\u00fcr f\u00fcr individuelle Fairnessvorstellungen bestimmen, ob Parteien sich \u00f6ffnen und beweglich werden. Menschen verhandeln nicht nur rational, sondern aus ihren pers\u00f6nlichen Wahrnehmungen, Emotionen und \u00dcberzeugungen heraus.<\/p>\n<p><\/p>\n<p>Dieses Seminar stellt den Kontaktaufbau ins Zentrum: Wie gelingt es, Verbindung herzustellen, N\u00e4he zuzulassen und durch Haltung und Kommunikation wirksam Einfluss auf die Sichtweisen der Medianden zu nehmen?<\/p>\n<p><\/p>\n<p><a href=\"https:\/\/www.bellevue-mediation.ch\/wp-content\/uploads\/In_Kontakt_mit_den_Parteien_2026-03-05.pdf\" rel=\"attachment wp-att-1538\">Flyer<\/a><\/p><\/div>\n\t\t\t<\/div><div class=\"et_pb_module et_d4_element et_pb_text et_pb_text_1  et_pb_text_align_left et_pb_bg_layout_light\">\n\t\t\t\t\n\t\t\t\t\n\t\t\t\t\n\t\t\t\t\n\t\t\t\t<div class=\"et_pb_text_inner\"><p>Webinar<\/p>\n<p><\/p>\n<h2>Worum geht es eigentlich in unserem Job als MediatorInnen?<\/h2>\n<p><\/p>\n<p><strong>22. September 2026 (3 Weiterbildungsstunden\/4 Weiterbildungs-Credits)<\/strong><\/p>\n<p><\/p>\n<ul>\n<li>Welche F\u00e4higkeiten sind wichtig, um im Markt als MediatorIn gut anzukommen?<\/li>\n<li>Welche F\u00e4higkeiten sind wichtig, um als MediatorIn einen guten Job zu machen?<\/li>\n<li>Welchen Stellenwert haben Ethikthemen? Etc.<\/li>\n<\/ul><\/div>\n\t\t\t<\/div>\n\t\t\t<\/div><div class=\"et_d4_element et_pb_column_1_2 et_pb_column et_pb_column_1  et_pb_css_mix_blend_mode et-last-child et_block_column\">\n\t\t\t\t\n\t\t\t\t\n\t\t\t\t\n\t\t\t\t\n\t\t\t\t<div class=\"et_pb_module et_d4_element et_pb_text et_pb_text_2  et_pb_text_align_left et_pb_bg_layout_light\">\n\t\t\t\t\n\t\t\t\t\n\t\t\t\t\n\t\t\t\t\n\t\t\t\t<div class=\"et_pb_text_inner\"><p>Seminar<\/p>\n<p><\/p>\n<h2>Konfliktmanagement &amp; Verhandeln f\u00fcr Rechtsanw\u00e4lte<\/h2>\n<p><\/p>\n<p><strong>29.\/30. September 2026 (11 Weiterbildungs-Credits)<\/strong><\/p>\n<p><\/p>\n<p>Verhandlungskompetenz und pers\u00f6nliche Souver\u00e4nit\u00e4t:<\/p>\n<p><\/p>\n<ul>\n<li>Sie lernen, mit emotionalen Situationen umzugehen<\/li>\n<li>Konfliktbeilegungsgespr\u00e4ch gewinnbringend strukturieren<\/li>\n<li>Sie nehmen bewusst auf Ihr eigenes Verhalten Einfluss.<\/li>\n<\/ul><\/div>\n\t\t\t<\/div><div class=\"et_pb_module et_d4_element et_pb_text et_pb_text_3  et_pb_text_align_left et_pb_bg_layout_light\">\n\t\t\t\t\n\t\t\t\t\n\t\t\t\t\n\t\t\t\t\n\t\t\t\t<div class=\"et_pb_text_inner\"><p>Seminar<\/p>\n<p><\/p>\n<h2>Konfliktbew\u00e4ltigung und innere St\u00e4rke<\/h2>\n<p><\/p>\n<p><strong>6. November 2026 (8 Weiterbildungs-Credits)<\/strong><\/p>\n<p><\/p>\n<ul>\n<li>Was hat mein Konflikt mit mir zu tun?<\/li>\n<li>Was l\u00f6st Abwehrreflexe bei mir aus?<\/li>\n<li>Selbstkl\u00e4rung und Selbstst\u00e4rkung<\/li>\n<\/ul><\/div>\n\t\t\t<\/div><div class=\"et_pb_module et_d4_element et_pb_text et_pb_text_4  et_pb_text_align_left et_pb_bg_layout_light\">\n\t\t\t\t\n\t\t\t\t\n\t\t\t\t\n\t\t\t\t\n\t\t\t\t<div class=\"et_pb_text_inner\"><p>Seminar<\/p>\n<p><\/p>\n<h2>Mediation von Forderungsstreitigkeiten<\/h2>\n<p><\/p>\n<p><strong>24.\/25. November 2026 (16 Weiterbildungs-Credits)<\/strong><\/p>\n<p><\/p>\n<p>Immer mehr Unternehmen erkennen den Wert, Forderungsstreitigkeiten vor Einleitung eines gerichtlichen oder schiedsgerichtlichen Verfahrens mit einem Mediationsverfahren beizulegen. In dieser Situation erweist sich die Methode der Shuttle Mediation als ausgezeichnetes Werkzeug. In diesem Seminar lernen Sie, wie Sie den Parteien dabei helfen, sich im quasi Nullsummen-System zu einigen.<\/p><\/div>\n\t\t\t<\/div>\n\t\t\t<\/div>\n\t\t\t\t\n\t\t\t\t\n\t\t\t\t\n\t\t\t\t\n\t\t\t<\/div><div class=\"et_d4_element et_pb_row et_pb_row_1  et_pb_css_mix_blend_mode et_block_row\">\n\t\t\t\t<div class=\"et_d4_element et_pb_column_4_4 et_pb_column et_pb_column_2  et_pb_css_mix_blend_mode et-last-child et_block_column\">\n\t\t\t\t\n\t\t\t\t\n\t\t\t\t\n\t\t\t\t\n\t\t\t\t<div class=\"et_pb_module et_d4_element et_pb_text et_pb_text_5  et_pb_text_align_left et_pb_bg_layout_light\">\n\t\t\t\t\n\t\t\t\t\n\t\t\t\t\n\t\t\t\t\n\t\t\t\t<div class=\"et_pb_text_inner\"><p>We are happy to offer you customized trainings and workshops in the fields of negotiation, communication, conflict management and mediation.<\/p><\/div>\n\t\t\t<\/div>\n\t\t\t<\/div>\n\t\t\t\t\n\t\t\t\t\n\t\t\t\t\n\t\t\t\t\n\t\t\t<\/div>\n\t\t\t\t\n\t\t\t\t\n\t\t\t<\/div><\/p>\n","protected":false},"excerpt":{"rendered":"","protected":false},"author":2,"featured_media":0,"parent":1231,"menu_order":12,"comment_status":"closed","ping_status":"closed","template":"","meta":{"_et_pb_use_builder":"on","_et_pb_old_content":"","_et_gb_content_width":"","footnotes":""},"class_list":["post-595","page","type-page","status-publish","hentry"],"yoast_head":"<!-- This site is optimized with the Yoast SEO plugin v27.4 - https:\/\/yoast.com\/product\/yoast-seo-wordpress\/ -->\n<title>Trainings &amp; Workshops &#8211; Bellevue Mediation<\/title>\n<meta name=\"robots\" content=\"index, follow, max-snippet:-1, max-image-preview:large, max-video-preview:-1\" \/>\n<link rel=\"canonical\" href=\"https:\/\/www.bellevue-mediation.ch\/en\/expertise\/training-instructional-programs\/\" \/>\n<meta property=\"og:locale\" content=\"en_US\" \/>\n<meta property=\"og:type\" content=\"article\" \/>\n<meta property=\"og:title\" content=\"Trainings &amp; Workshops &#8211; Bellevue Mediation\" \/>\n<meta property=\"og:url\" content=\"https:\/\/www.bellevue-mediation.ch\/en\/expertise\/training-instructional-programs\/\" \/>\n<meta property=\"og:site_name\" content=\"Bellevue Mediation\" \/>\n<meta property=\"article:modified_time\" content=\"2026-01-25T18:08:20+00:00\" \/>\n<meta name=\"twitter:card\" content=\"summary_large_image\" \/>\n<meta name=\"twitter:label1\" content=\"Est. reading time\" \/>\n\t<meta name=\"twitter:data1\" content=\"3 minutes\" \/>\n<script type=\"application\/ld+json\" class=\"yoast-schema-graph\">{\"@context\":\"https:\\\/\\\/schema.org\",\"@graph\":[{\"@type\":\"WebPage\",\"@id\":\"https:\\\/\\\/www.bellevue-mediation.ch\\\/en\\\/expertise\\\/training-instructional-programs\\\/\",\"url\":\"https:\\\/\\\/www.bellevue-mediation.ch\\\/en\\\/expertise\\\/training-instructional-programs\\\/\",\"name\":\"Trainings & Workshops &#8211; Bellevue Mediation\",\"isPartOf\":{\"@id\":\"https:\\\/\\\/www.bellevue-mediation.ch\\\/en\\\/#website\"},\"datePublished\":\"2020-03-28T17:56:50+00:00\",\"dateModified\":\"2026-01-25T18:08:20+00:00\",\"breadcrumb\":{\"@id\":\"https:\\\/\\\/www.bellevue-mediation.ch\\\/en\\\/expertise\\\/training-instructional-programs\\\/#breadcrumb\"},\"inLanguage\":\"en-US\",\"potentialAction\":[{\"@type\":\"ReadAction\",\"target\":[\"https:\\\/\\\/www.bellevue-mediation.ch\\\/en\\\/expertise\\\/training-instructional-programs\\\/\"]}]},{\"@type\":\"BreadcrumbList\",\"@id\":\"https:\\\/\\\/www.bellevue-mediation.ch\\\/en\\\/expertise\\\/training-instructional-programs\\\/#breadcrumb\",\"itemListElement\":[{\"@type\":\"ListItem\",\"position\":1,\"name\":\"Home\",\"item\":\"https:\\\/\\\/www.bellevue-mediation.ch\\\/en\\\/\"},{\"@type\":\"ListItem\",\"position\":2,\"name\":\"Expertise\",\"item\":\"https:\\\/\\\/www.bellevue-mediation.ch\\\/en\\\/expertise\\\/\"},{\"@type\":\"ListItem\",\"position\":3,\"name\":\"Trainings &#038; Workshops\"}]},{\"@type\":\"WebSite\",\"@id\":\"https:\\\/\\\/www.bellevue-mediation.ch\\\/en\\\/#website\",\"url\":\"https:\\\/\\\/www.bellevue-mediation.ch\\\/en\\\/\",\"name\":\"Bellevue Mediation\",\"description\":\"Verhandeln \u2013\u00a0Ver\u00e4ndern \u2013 L\u00f6sen\",\"publisher\":{\"@id\":\"https:\\\/\\\/www.bellevue-mediation.ch\\\/en\\\/#organization\"},\"potentialAction\":[{\"@type\":\"SearchAction\",\"target\":{\"@type\":\"EntryPoint\",\"urlTemplate\":\"https:\\\/\\\/www.bellevue-mediation.ch\\\/en\\\/?s={search_term_string}\"},\"query-input\":{\"@type\":\"PropertyValueSpecification\",\"valueRequired\":true,\"valueName\":\"search_term_string\"}}],\"inLanguage\":\"en-US\"},{\"@type\":\"Organization\",\"@id\":\"https:\\\/\\\/www.bellevue-mediation.ch\\\/en\\\/#organization\",\"name\":\"Bellevue Mediation\",\"url\":\"https:\\\/\\\/www.bellevue-mediation.ch\\\/en\\\/\",\"logo\":{\"@type\":\"ImageObject\",\"inLanguage\":\"en-US\",\"@id\":\"https:\\\/\\\/www.bellevue-mediation.ch\\\/en\\\/#\\\/schema\\\/logo\\\/image\\\/\",\"url\":\"https:\\\/\\\/www.bellevue-mediation.ch\\\/wp-content\\\/uploads\\\/Bellevue_Mediation_Logo_800px.png\",\"contentUrl\":\"https:\\\/\\\/www.bellevue-mediation.ch\\\/wp-content\\\/uploads\\\/Bellevue_Mediation_Logo_800px.png\",\"width\":800,\"height\":142,\"caption\":\"Bellevue Mediation\"},\"image\":{\"@id\":\"https:\\\/\\\/www.bellevue-mediation.ch\\\/en\\\/#\\\/schema\\\/logo\\\/image\\\/\"}}]}<\/script>\n<!-- \/ Yoast SEO plugin. -->","yoast_head_json":{"title":"Trainings & Workshops &#8211; Bellevue Mediation","robots":{"index":"index","follow":"follow","max-snippet":"max-snippet:-1","max-image-preview":"max-image-preview:large","max-video-preview":"max-video-preview:-1"},"canonical":"https:\/\/www.bellevue-mediation.ch\/en\/expertise\/training-instructional-programs\/","og_locale":"en_US","og_type":"article","og_title":"Trainings & Workshops &#8211; Bellevue Mediation","og_url":"https:\/\/www.bellevue-mediation.ch\/en\/expertise\/training-instructional-programs\/","og_site_name":"Bellevue Mediation","article_modified_time":"2026-01-25T18:08:20+00:00","twitter_card":"summary_large_image","twitter_misc":{"Est. reading time":"3 minutes"},"schema":{"@context":"https:\/\/schema.org","@graph":[{"@type":"WebPage","@id":"https:\/\/www.bellevue-mediation.ch\/en\/expertise\/training-instructional-programs\/","url":"https:\/\/www.bellevue-mediation.ch\/en\/expertise\/training-instructional-programs\/","name":"Trainings & Workshops &#8211; Bellevue Mediation","isPartOf":{"@id":"https:\/\/www.bellevue-mediation.ch\/en\/#website"},"datePublished":"2020-03-28T17:56:50+00:00","dateModified":"2026-01-25T18:08:20+00:00","breadcrumb":{"@id":"https:\/\/www.bellevue-mediation.ch\/en\/expertise\/training-instructional-programs\/#breadcrumb"},"inLanguage":"en-US","potentialAction":[{"@type":"ReadAction","target":["https:\/\/www.bellevue-mediation.ch\/en\/expertise\/training-instructional-programs\/"]}]},{"@type":"BreadcrumbList","@id":"https:\/\/www.bellevue-mediation.ch\/en\/expertise\/training-instructional-programs\/#breadcrumb","itemListElement":[{"@type":"ListItem","position":1,"name":"Home","item":"https:\/\/www.bellevue-mediation.ch\/en\/"},{"@type":"ListItem","position":2,"name":"Expertise","item":"https:\/\/www.bellevue-mediation.ch\/en\/expertise\/"},{"@type":"ListItem","position":3,"name":"Trainings &#038; Workshops"}]},{"@type":"WebSite","@id":"https:\/\/www.bellevue-mediation.ch\/en\/#website","url":"https:\/\/www.bellevue-mediation.ch\/en\/","name":"Bellevue Mediation","description":"Verhandeln \u2013\u00a0Ver\u00e4ndern \u2013 L\u00f6sen","publisher":{"@id":"https:\/\/www.bellevue-mediation.ch\/en\/#organization"},"potentialAction":[{"@type":"SearchAction","target":{"@type":"EntryPoint","urlTemplate":"https:\/\/www.bellevue-mediation.ch\/en\/?s={search_term_string}"},"query-input":{"@type":"PropertyValueSpecification","valueRequired":true,"valueName":"search_term_string"}}],"inLanguage":"en-US"},{"@type":"Organization","@id":"https:\/\/www.bellevue-mediation.ch\/en\/#organization","name":"Bellevue Mediation","url":"https:\/\/www.bellevue-mediation.ch\/en\/","logo":{"@type":"ImageObject","inLanguage":"en-US","@id":"https:\/\/www.bellevue-mediation.ch\/en\/#\/schema\/logo\/image\/","url":"https:\/\/www.bellevue-mediation.ch\/wp-content\/uploads\/Bellevue_Mediation_Logo_800px.png","contentUrl":"https:\/\/www.bellevue-mediation.ch\/wp-content\/uploads\/Bellevue_Mediation_Logo_800px.png","width":800,"height":142,"caption":"Bellevue Mediation"},"image":{"@id":"https:\/\/www.bellevue-mediation.ch\/en\/#\/schema\/logo\/image\/"}}]}},"_links":{"self":[{"href":"https:\/\/www.bellevue-mediation.ch\/en\/wp-json\/wp\/v2\/pages\/595","targetHints":{"allow":["GET"]}}],"collection":[{"href":"https:\/\/www.bellevue-mediation.ch\/en\/wp-json\/wp\/v2\/pages"}],"about":[{"href":"https:\/\/www.bellevue-mediation.ch\/en\/wp-json\/wp\/v2\/types\/page"}],"author":[{"embeddable":true,"href":"https:\/\/www.bellevue-mediation.ch\/en\/wp-json\/wp\/v2\/users\/2"}],"replies":[{"embeddable":true,"href":"https:\/\/www.bellevue-mediation.ch\/en\/wp-json\/wp\/v2\/comments?post=595"}],"version-history":[{"count":35,"href":"https:\/\/www.bellevue-mediation.ch\/en\/wp-json\/wp\/v2\/pages\/595\/revisions"}],"predecessor-version":[{"id":14276,"href":"https:\/\/www.bellevue-mediation.ch\/en\/wp-json\/wp\/v2\/pages\/595\/revisions\/14276"}],"up":[{"embeddable":true,"href":"https:\/\/www.bellevue-mediation.ch\/en\/wp-json\/wp\/v2\/pages\/1231"}],"wp:attachment":[{"href":"https:\/\/www.bellevue-mediation.ch\/en\/wp-json\/wp\/v2\/media?parent=595"}],"curies":[{"name":"wp","href":"https:\/\/api.w.org\/{rel}","templated":true}]}}