{"id":589,"date":"2020-03-28T18:50:20","date_gmt":"2020-03-28T17:50:20","guid":{"rendered":"https:\/\/new.bellevue-mediation.ch\/mediation-in-business-life\/neighborhood-and-real-estate-use\/"},"modified":"2022-01-20T14:55:19","modified_gmt":"2022-01-20T13:55:19","slug":"neighborhood-and-real-estate-use","status":"publish","type":"page","link":"https:\/\/www.bellevue-mediation.ch\/en\/mediation-in-business-life\/neighborhood-and-real-estate-use\/","title":{"rendered":"( Neighborhood and real estate use )"},"content":{"rendered":"<div class=\"et_d4_element et_pb_section et_pb_section_0  et_pb_css_mix_blend_mode et_section_regular et_block_section\" >\n\t\t\t\t\n\t\t\t\t\n\t\t\t\t\n\t\t\t\t\n\t\t\t\t\n\t\t\t\t\n\t\t\t\t<div class=\"et_d4_element et_pb_row et_pb_row_0  et_pb_css_mix_blend_mode et_block_row\">\n\t\t\t\t<div class=\"et_d4_element et_pb_column_4_4 et_pb_column et_pb_column_0  et_pb_css_mix_blend_mode et-last-child et_block_column\">\n\t\t\t\t\n\t\t\t\t\n\t\t\t\t\n\t\t\t\t\n\t\t\t\t<div class=\"et_pb_module et_d4_element et_pb_text et_pb_text_0  et_pb_text_align_left et_pb_bg_layout_light\">\n\t\t\t\t\n\t\t\t\t\n\t\t\t\t\n\t\t\t\t\n\t\t\t\t<div class=\"et_pb_text_inner\"><h1>Neighborhood and real estate use<\/h1><\/div>\n\t\t\t<\/div>\n\t\t\t<\/div>\n\t\t\t\t\n\t\t\t\t\n\t\t\t\t\n\t\t\t\t\n\t\t\t<\/div><div class=\"et_d4_element et_pb_row et_pb_row_1  et_pb_css_mix_blend_mode et_block_row\">\n\t\t\t\t<div class=\"et_d4_element et_pb_column_1_2 et_pb_column et_pb_column_1  et_pb_css_mix_blend_mode et_block_column\">\n\t\t\t\t\n\t\t\t\t\n\t\t\t\t\n\t\t\t\t\n\t\t\t\t<div class=\"et_pb_module et_d4_element et_pb_text et_pb_text_1  et_pb_text_align_left et_pb_bg_layout_light\">\n\t\t\t\t\n\t\t\t\t\n\t\t\t\t\n\t\t\t\t\n\t\t\t\t<div class=\"et_pb_text_inner\">What can you do when a neighbor continues to find means and ways to disturb and injure you? What can you do if he plans construction that is totally contrary to your interests, if his pet continues to relieve itself in your yard, if he continually throws noisy parties? Because you cannot simply choose or change your neighbors, particularly if one owns your home or apartment, such situations are very stressful.<\/p>\n<p>A conflict situation in a rental situation can be particularly difficult. Dependencies on realty management, uncertainties about the plans and interests of the lessor or also the question of what position the other renters and neighbors may take with regard to others involved, make it more difficult to protect ones own interests and, as a consequence, one makes a fist in the pocket and tries to live with a stressful situation, in spite of the frustrations it may cause.<\/div>\n\t\t\t<\/div>\n\t\t\t<\/div><div class=\"et_d4_element et_pb_column_1_2 et_pb_column et_pb_column_2  et_pb_css_mix_blend_mode et-last-child et_block_column\">\n\t\t\t\t\n\t\t\t\t\n\t\t\t\t\n\t\t\t\t\n\t\t\t\t<div class=\"et_pb_module et_d4_element et_pb_text et_pb_text_2  et_pb_text_align_left et_pb_bg_layout_light\">\n\t\t\t\t\n\t\t\t\t\n\t\t\t\t\n\t\t\t\t\n\t\t\t\t<div class=\"et_pb_text_inner\">Whether you let office space or live in an apartment, the use of real estate comes with many imponderables, and may quickly lead to open or covert disgruntlement and ultimately to savage lawsuits and counter suits. Yet, legal means cannot resolve these problems in a satisfactory manner, since court decisions consider only what happened in the past and offer no options for creative future-oriented solutions. This, however, is the advantage of mediation: It is future-oriented and offers the conflicting parties a chance to find new ways and mutually agreeable solutions for a positive and tension-free association with each other.<\/div>\n\t\t\t<\/div>\n\t\t\t<\/div>\n\t\t\t\t\n\t\t\t\t\n\t\t\t\t\n\t\t\t\t\n\t\t\t<\/div>\n\t\t\t\t\n\t\t\t\t\n\t\t\t<\/div>\n","protected":false},"excerpt":{"rendered":"","protected":false},"author":2,"featured_media":0,"parent":558,"menu_order":5,"comment_status":"closed","ping_status":"closed","template":"","meta":{"_et_pb_use_builder":"on","_et_pb_old_content":"Was tun, wenn der Nachbar immer wieder Mittel und Wege findet, mich zu st\u00f6ren und zu verletzen? Wenn er ein Bauvorhaben plant, das meinen Interessen v\u00f6llig zuwiderl\u00e4uft, wenn sein Haustier sich immer nur in meinem Garten vers\u00e4ubert, wenn er dauernd laute Parties feiert? Da man seine Nachbarn, insbesondere wenn man Wohnungs- oder Hauseigent\u00fcmer ist, nicht einfach ausw\u00e4hlen oder auswechseln kann, sind solche Situationen sehr belastend.\r\nBesonders schwierig kann eine konflikthafte Situation auch im Mietverh\u00e4ltnis sein. Abh\u00e4ngigkeiten von der Liegenschaftsverwaltung, Unsicherheiten \u00fcber die Pl\u00e4ne und Interessen der Vermieterschaft oder auch die Frage, wie die Mietmieterinnen und Nachbarn zu den anderen Beteiligten stehen, erschweren die Wahrung der eigenen Interessen und f\u00fchren h\u00e4ufig dazu, dass man lieber die Faust im Sack macht und sich mit der belastenden Situation mehr schlecht als recht abzufinden versucht.\r\n\r\nOb Sie Gesch\u00e4ftsr\u00e4ume vermieten oder in einer Wohnung leben, die Nutzung von Immobilien birgt viele Unw\u00e4gbarkeiten und f\u00fchrt rasch zu offenen oder verdeckten Verstimmungen bis hin zu wilder Prozessiererei. Dabei k\u00f6nnen alle diese Probleme mit den Mitteln des Rechts nur sehr unbefriedigend bew\u00e4ltigt werden, da das Gerichtsurteil das bereits vergangene Geschehen beurteilt und keine M\u00f6glichkeit bietet, kreative L\u00f6sungen f\u00fcr die Zukunft zu finden. Hier liegt der Vorteil der Mediation: sie richtet den Blick vorw\u00e4rts und \u00f6ffnet den Konfliktparteien die Chance, neue Wege einzuschlagen und einvernehmliche L\u00f6sungen f\u00fcr einen guten und entspannten Umgang miteinander zu finden.","_et_gb_content_width":"","footnotes":""},"class_list":["post-589","page","type-page","status-publish","hentry"],"yoast_head":"<!-- This site is optimized with the Yoast SEO plugin v27.4 - https:\/\/yoast.com\/product\/yoast-seo-wordpress\/ -->\n<title>( Neighborhood and real estate use ) &#8211; Bellevue Mediation<\/title>\n<meta name=\"robots\" content=\"index, follow, max-snippet:-1, max-image-preview:large, max-video-preview:-1\" \/>\n<link rel=\"canonical\" href=\"https:\/\/www.bellevue-mediation.ch\/en\/mediation-in-business-life\/neighborhood-and-real-estate-use\/\" \/>\n<meta property=\"og:locale\" content=\"en_US\" \/>\n<meta property=\"og:type\" content=\"article\" \/>\n<meta property=\"og:title\" content=\"( Neighborhood and real estate use ) &#8211; Bellevue Mediation\" \/>\n<meta property=\"og:url\" content=\"https:\/\/www.bellevue-mediation.ch\/en\/mediation-in-business-life\/neighborhood-and-real-estate-use\/\" \/>\n<meta property=\"og:site_name\" content=\"Bellevue Mediation\" \/>\n<meta property=\"article:modified_time\" content=\"2022-01-20T13:55:19+00:00\" \/>\n<meta name=\"twitter:card\" content=\"summary_large_image\" \/>\n<meta name=\"twitter:label1\" content=\"Est. reading time\" \/>\n\t<meta name=\"twitter:data1\" content=\"2 minutes\" \/>\n<script type=\"application\/ld+json\" class=\"yoast-schema-graph\">{\"@context\":\"https:\\\/\\\/schema.org\",\"@graph\":[{\"@type\":\"WebPage\",\"@id\":\"https:\\\/\\\/www.bellevue-mediation.ch\\\/en\\\/mediation-in-business-life\\\/neighborhood-and-real-estate-use\\\/\",\"url\":\"https:\\\/\\\/www.bellevue-mediation.ch\\\/en\\\/mediation-in-business-life\\\/neighborhood-and-real-estate-use\\\/\",\"name\":\"( Neighborhood and real estate use ) &#8211; Bellevue Mediation\",\"isPartOf\":{\"@id\":\"https:\\\/\\\/www.bellevue-mediation.ch\\\/en\\\/#website\"},\"datePublished\":\"2020-03-28T17:50:20+00:00\",\"dateModified\":\"2022-01-20T13:55:19+00:00\",\"breadcrumb\":{\"@id\":\"https:\\\/\\\/www.bellevue-mediation.ch\\\/en\\\/mediation-in-business-life\\\/neighborhood-and-real-estate-use\\\/#breadcrumb\"},\"inLanguage\":\"en-US\",\"potentialAction\":[{\"@type\":\"ReadAction\",\"target\":[\"https:\\\/\\\/www.bellevue-mediation.ch\\\/en\\\/mediation-in-business-life\\\/neighborhood-and-real-estate-use\\\/\"]}]},{\"@type\":\"BreadcrumbList\",\"@id\":\"https:\\\/\\\/www.bellevue-mediation.ch\\\/en\\\/mediation-in-business-life\\\/neighborhood-and-real-estate-use\\\/#breadcrumb\",\"itemListElement\":[{\"@type\":\"ListItem\",\"position\":1,\"name\":\"Home\",\"item\":\"https:\\\/\\\/www.bellevue-mediation.ch\\\/en\\\/\"},{\"@type\":\"ListItem\",\"position\":2,\"name\":\"( Mediation in business life )\",\"item\":\"https:\\\/\\\/www.bellevue-mediation.ch\\\/en\\\/mediation-in-business-life\\\/\"},{\"@type\":\"ListItem\",\"position\":3,\"name\":\"( Neighborhood and real estate use )\"}]},{\"@type\":\"WebSite\",\"@id\":\"https:\\\/\\\/www.bellevue-mediation.ch\\\/en\\\/#website\",\"url\":\"https:\\\/\\\/www.bellevue-mediation.ch\\\/en\\\/\",\"name\":\"Bellevue Mediation\",\"description\":\"Verhandeln \u2013\u00a0Ver\u00e4ndern \u2013 L\u00f6sen\",\"publisher\":{\"@id\":\"https:\\\/\\\/www.bellevue-mediation.ch\\\/en\\\/#organization\"},\"potentialAction\":[{\"@type\":\"SearchAction\",\"target\":{\"@type\":\"EntryPoint\",\"urlTemplate\":\"https:\\\/\\\/www.bellevue-mediation.ch\\\/en\\\/?s={search_term_string}\"},\"query-input\":{\"@type\":\"PropertyValueSpecification\",\"valueRequired\":true,\"valueName\":\"search_term_string\"}}],\"inLanguage\":\"en-US\"},{\"@type\":\"Organization\",\"@id\":\"https:\\\/\\\/www.bellevue-mediation.ch\\\/en\\\/#organization\",\"name\":\"Bellevue Mediation\",\"url\":\"https:\\\/\\\/www.bellevue-mediation.ch\\\/en\\\/\",\"logo\":{\"@type\":\"ImageObject\",\"inLanguage\":\"en-US\",\"@id\":\"https:\\\/\\\/www.bellevue-mediation.ch\\\/en\\\/#\\\/schema\\\/logo\\\/image\\\/\",\"url\":\"https:\\\/\\\/www.bellevue-mediation.ch\\\/wp-content\\\/uploads\\\/Bellevue_Mediation_Logo_800px.png\",\"contentUrl\":\"https:\\\/\\\/www.bellevue-mediation.ch\\\/wp-content\\\/uploads\\\/Bellevue_Mediation_Logo_800px.png\",\"width\":800,\"height\":142,\"caption\":\"Bellevue Mediation\"},\"image\":{\"@id\":\"https:\\\/\\\/www.bellevue-mediation.ch\\\/en\\\/#\\\/schema\\\/logo\\\/image\\\/\"}}]}<\/script>\n<!-- \/ Yoast SEO plugin. -->","yoast_head_json":{"title":"( Neighborhood and real estate use ) &#8211; Bellevue Mediation","robots":{"index":"index","follow":"follow","max-snippet":"max-snippet:-1","max-image-preview":"max-image-preview:large","max-video-preview":"max-video-preview:-1"},"canonical":"https:\/\/www.bellevue-mediation.ch\/en\/mediation-in-business-life\/neighborhood-and-real-estate-use\/","og_locale":"en_US","og_type":"article","og_title":"( Neighborhood and real estate use ) &#8211; Bellevue Mediation","og_url":"https:\/\/www.bellevue-mediation.ch\/en\/mediation-in-business-life\/neighborhood-and-real-estate-use\/","og_site_name":"Bellevue Mediation","article_modified_time":"2022-01-20T13:55:19+00:00","twitter_card":"summary_large_image","twitter_misc":{"Est. reading time":"2 minutes"},"schema":{"@context":"https:\/\/schema.org","@graph":[{"@type":"WebPage","@id":"https:\/\/www.bellevue-mediation.ch\/en\/mediation-in-business-life\/neighborhood-and-real-estate-use\/","url":"https:\/\/www.bellevue-mediation.ch\/en\/mediation-in-business-life\/neighborhood-and-real-estate-use\/","name":"( Neighborhood and real estate use ) &#8211; Bellevue Mediation","isPartOf":{"@id":"https:\/\/www.bellevue-mediation.ch\/en\/#website"},"datePublished":"2020-03-28T17:50:20+00:00","dateModified":"2022-01-20T13:55:19+00:00","breadcrumb":{"@id":"https:\/\/www.bellevue-mediation.ch\/en\/mediation-in-business-life\/neighborhood-and-real-estate-use\/#breadcrumb"},"inLanguage":"en-US","potentialAction":[{"@type":"ReadAction","target":["https:\/\/www.bellevue-mediation.ch\/en\/mediation-in-business-life\/neighborhood-and-real-estate-use\/"]}]},{"@type":"BreadcrumbList","@id":"https:\/\/www.bellevue-mediation.ch\/en\/mediation-in-business-life\/neighborhood-and-real-estate-use\/#breadcrumb","itemListElement":[{"@type":"ListItem","position":1,"name":"Home","item":"https:\/\/www.bellevue-mediation.ch\/en\/"},{"@type":"ListItem","position":2,"name":"( Mediation in business life )","item":"https:\/\/www.bellevue-mediation.ch\/en\/mediation-in-business-life\/"},{"@type":"ListItem","position":3,"name":"( Neighborhood and real estate use )"}]},{"@type":"WebSite","@id":"https:\/\/www.bellevue-mediation.ch\/en\/#website","url":"https:\/\/www.bellevue-mediation.ch\/en\/","name":"Bellevue Mediation","description":"Verhandeln \u2013\u00a0Ver\u00e4ndern \u2013 L\u00f6sen","publisher":{"@id":"https:\/\/www.bellevue-mediation.ch\/en\/#organization"},"potentialAction":[{"@type":"SearchAction","target":{"@type":"EntryPoint","urlTemplate":"https:\/\/www.bellevue-mediation.ch\/en\/?s={search_term_string}"},"query-input":{"@type":"PropertyValueSpecification","valueRequired":true,"valueName":"search_term_string"}}],"inLanguage":"en-US"},{"@type":"Organization","@id":"https:\/\/www.bellevue-mediation.ch\/en\/#organization","name":"Bellevue Mediation","url":"https:\/\/www.bellevue-mediation.ch\/en\/","logo":{"@type":"ImageObject","inLanguage":"en-US","@id":"https:\/\/www.bellevue-mediation.ch\/en\/#\/schema\/logo\/image\/","url":"https:\/\/www.bellevue-mediation.ch\/wp-content\/uploads\/Bellevue_Mediation_Logo_800px.png","contentUrl":"https:\/\/www.bellevue-mediation.ch\/wp-content\/uploads\/Bellevue_Mediation_Logo_800px.png","width":800,"height":142,"caption":"Bellevue Mediation"},"image":{"@id":"https:\/\/www.bellevue-mediation.ch\/en\/#\/schema\/logo\/image\/"}}]}},"_links":{"self":[{"href":"https:\/\/www.bellevue-mediation.ch\/en\/wp-json\/wp\/v2\/pages\/589","targetHints":{"allow":["GET"]}}],"collection":[{"href":"https:\/\/www.bellevue-mediation.ch\/en\/wp-json\/wp\/v2\/pages"}],"about":[{"href":"https:\/\/www.bellevue-mediation.ch\/en\/wp-json\/wp\/v2\/types\/page"}],"author":[{"embeddable":true,"href":"https:\/\/www.bellevue-mediation.ch\/en\/wp-json\/wp\/v2\/users\/2"}],"replies":[{"embeddable":true,"href":"https:\/\/www.bellevue-mediation.ch\/en\/wp-json\/wp\/v2\/comments?post=589"}],"version-history":[{"count":4,"href":"https:\/\/www.bellevue-mediation.ch\/en\/wp-json\/wp\/v2\/pages\/589\/revisions"}],"predecessor-version":[{"id":1297,"href":"https:\/\/www.bellevue-mediation.ch\/en\/wp-json\/wp\/v2\/pages\/589\/revisions\/1297"}],"up":[{"embeddable":true,"href":"https:\/\/www.bellevue-mediation.ch\/en\/wp-json\/wp\/v2\/pages\/558"}],"wp:attachment":[{"href":"https:\/\/www.bellevue-mediation.ch\/en\/wp-json\/wp\/v2\/media?parent=589"}],"curies":[{"name":"wp","href":"https:\/\/api.w.org\/{rel}","templated":true}]}}