{"id":451,"date":"2020-03-28T13:22:20","date_gmt":"2020-03-28T12:22:20","guid":{"rendered":"https:\/\/new.bellevue-mediation.ch\/mediation-for-couples-and-families\/children-and-parental-care\/"},"modified":"2022-01-20T14:53:49","modified_gmt":"2022-01-20T13:53:49","slug":"children-and-parental-care","status":"publish","type":"page","link":"https:\/\/www.bellevue-mediation.ch\/en\/mediation-for-couples-and-families\/children-and-parental-care\/","title":{"rendered":"( Children and parental care )"},"content":{"rendered":"<div class=\"et_d4_element et_pb_section et_pb_section_0  et_pb_css_mix_blend_mode et_section_regular et_block_section\" >\n\t\t\t\t\n\t\t\t\t\n\t\t\t\t\n\t\t\t\t\n\t\t\t\t\n\t\t\t\t\n\t\t\t\t<div class=\"et_d4_element et_pb_row et_pb_row_0  et_pb_css_mix_blend_mode et_block_row\">\n\t\t\t\t<div class=\"et_d4_element et_pb_column_4_4 et_pb_column et_pb_column_0  et_pb_css_mix_blend_mode et-last-child et_block_column\">\n\t\t\t\t\n\t\t\t\t\n\t\t\t\t\n\t\t\t\t\n\t\t\t\t<div class=\"et_pb_module et_d4_element et_pb_text et_pb_text_0  et_pb_text_align_left et_pb_bg_layout_light\">\n\t\t\t\t\n\t\t\t\t\n\t\t\t\t\n\t\t\t\t\n\t\t\t\t<div class=\"et_pb_text_inner\"><h1>Children and parental care<\/h1><\/div>\n\t\t\t<\/div>\n\t\t\t<\/div>\n\t\t\t\t\n\t\t\t\t\n\t\t\t\t\n\t\t\t\t\n\t\t\t<\/div><div class=\"et_d4_element et_pb_row et_pb_row_1  et_pb_css_mix_blend_mode et_block_row\">\n\t\t\t\t<div class=\"et_d4_element et_pb_column_1_2 et_pb_column et_pb_column_1  et_pb_css_mix_blend_mode et_block_column\">\n\t\t\t\t\n\t\t\t\t\n\t\t\t\t\n\t\t\t\t\n\t\t\t\t<div class=\"et_pb_module et_d4_element et_pb_text et_pb_text_1  et_pb_text_align_left et_pb_bg_layout_light\">\n\t\t\t\t\n\t\t\t\t\n\t\t\t\t\n\t\t\t\t\n\t\t\t\t<div class=\"et_pb_text_inner\">In mediation, parenting is a central focus.<\/p>\n<p>Even when father and mother no longer live under the same roof, and particularly in this case, new ways must be found and developed to continue to function as parents for their children. The new structure of the family should be adapted to your needs and also to the needs of your children. As parents, you are the experts for the well being of your children.<\/p>\n<p>In this regard, there are many questions for you to answer such as:<\/p>\n<ul>\n<li>How do you want to structure your parental role after the separation?<\/li>\n<li>Where will the children live?<\/li>\n<li>How should caring for the children be organized?<\/li>\n<li>How should the contact and the relationship to both parents be ensured<\/li>\n<li>How are the children doing anyway?<\/li>\n<li>What do the children want and need?<\/li>\n<\/ul>\n<p>How can you as parents \u2013 even after a divorce \u2013 work together and ensure the necessary mutual information?<\/div>\n\t\t\t<\/div>\n\t\t\t<\/div><div class=\"et_d4_element et_pb_column_1_2 et_pb_column et_pb_column_2  et_pb_css_mix_blend_mode et-last-child et_block_column\">\n\t\t\t\t\n\t\t\t\t\n\t\t\t\t\n\t\t\t\t\n\t\t\t\t<div class=\"et_pb_module et_d4_element et_pb_text et_pb_text_2  et_pb_text_align_left et_pb_bg_layout_light\">\n\t\t\t\t\n\t\t\t\t\n\t\t\t\t\n\t\t\t\t\n\t\t\t\t<div class=\"et_pb_text_inner\">In mediation, you also structure and plan the model that your family should live by after the separation. We show you the different legal possibilities with the associated refinements, requirements, advantages and disadvantages.<\/p>\n<p>As of 2000, \u00abjoint custody\u00bb is legally possible after divorce. This means that after divorce,both parents can maintain custody of their children under certain circumstances. This leads to many important questions that need to be discussed. Because the model of shared custody is a new legal possibility, you probably need information and tips and assistance based on experience, in order to get a complete picture and to find a settlement that is optimal for you.<\/p>\n<p>The structure of post-marriage parenting is the central focus for sole custody, as well.<\/p>\n<p>In any event, a solid parental situation is the best prerequisite for the well-being of your child. Solutions worked out together in mediation strengthen you as a mother and a father and reduce the stress on your child.<\/div>\n\t\t\t<\/div>\n\t\t\t<\/div>\n\t\t\t\t\n\t\t\t\t\n\t\t\t\t\n\t\t\t\t\n\t\t\t<\/div>\n\t\t\t\t\n\t\t\t\t\n\t\t\t<\/div>\n","protected":false},"excerpt":{"rendered":"","protected":false},"author":2,"featured_media":0,"parent":442,"menu_order":3,"comment_status":"closed","ping_status":"closed","template":"","meta":{"_et_pb_use_builder":"on","_et_pb_old_content":"In der Mediation steht die Elternebene mit im Zentrum.\r\n\r\nAuch und gerade wenn Vater und Mutter nicht mehr unter dem gleichen Dach leben, m\u00fcssen neue Wege gefunden und entwickelt werden, um den Kindern Eltern bleiben zu k\u00f6nnen. Die neue Form der Familie soll Ihren Bed\u00fcrfnissen und auch den Bed\u00fcrfnissen Ihrer Kinder m\u00f6glichst angepasst sein. Als Eltern sind Sie die Experten f\u00fcr das Wohl Ihrer Kinder.\r\n\r\nDabei stellen sich Ihnen viele Fragen wie zum Beispiel:\r\n\r\n\u00b7 Wie wollen Sie Ihre Elternschaft nach der Trennung gestalten?\r\n\u00b7 Wo werden die Kinder wohnen?\r\n\u00b7 Wie soll die Betreuung der Kinder geregelt werden?\r\n\u00b7 Wie sollen die Kontakte und die Beziehung zu beiden Elternteilen gew\u00e4hrleistet werden?\r\n\u00b7 Wie geht es den Kindern \u00fcberhaupt?\r\n\u00b7 Was wollen und brauchen die Kinder?\r\n\r\nWie k\u00f6nnen Sie als Eltern - auch nach einer Scheidung - zusammenarbeiten und die notwendige gegenseitige Information sicherstellen?\r\n\r\nAuch in der Mediation gestalten und planen Sie das Modell, das Ihre Familie nach der Trennung leben soll. Wir zeigen Ihnen die verschiedenen gesetzlichen M\u00f6glichkeiten mit den dazugeh\u00f6renden Finessen, Anforderungen, Vor- und Nachteilen auf.\r\n\r\nSeit 2000 ist nach der Scheidung das \"gemeinsame Sorgerecht\" gesetzlich m\u00f6glich. Das heisst: nach der Scheidung k\u00f6nnen beide Elternteile unter bestimmten Voraussetzungen das Sorgerecht f\u00fcr ihre Kinder behalten. Das f\u00fchrt zu vielen wesentlichen Fragen die besprochen werden m\u00fcssen. Da das Modell der gemeinsamen Sorge eine neue rechtliche M\u00f6glichkeit ist, brauchen Sie wom\u00f6glich Informationen, Tipps und Erfahrungswerte, um ein ganzes Bild zu bekommen und eine f\u00fcr Sie optimale Regelung zu finden.\r\n\r\nAuch beim alleinigen Sorgerecht steht die Gestaltung der nacheheliche Elternschaft im Zentrum.\r\n\r\nIn jedem Fall ist eine tragkr\u00e4ftige Elternebene die beste Voraussetzung f\u00fcr das Wohl Ihres Kindes. Gemeinsam in der Mediation erarbeitete L\u00f6sungen st\u00e4rken Sie als Mutter und Vater und entlasten Ihr Kind.","_et_gb_content_width":"","footnotes":""},"class_list":["post-451","page","type-page","status-publish","hentry"],"yoast_head":"<!-- This site is optimized with the Yoast SEO plugin v27.5 - https:\/\/yoast.com\/product\/yoast-seo-wordpress\/ -->\n<title>( Children and parental care ) &#8211; Bellevue Mediation<\/title>\n<meta name=\"robots\" content=\"index, follow, max-snippet:-1, max-image-preview:large, max-video-preview:-1\" \/>\n<link rel=\"canonical\" href=\"https:\/\/www.bellevue-mediation.ch\/en\/mediation-for-couples-and-families\/children-and-parental-care\/\" \/>\n<meta property=\"og:locale\" content=\"en_US\" \/>\n<meta property=\"og:type\" content=\"article\" \/>\n<meta property=\"og:title\" content=\"( Children and parental care ) &#8211; Bellevue Mediation\" \/>\n<meta property=\"og:url\" content=\"https:\/\/www.bellevue-mediation.ch\/en\/mediation-for-couples-and-families\/children-and-parental-care\/\" \/>\n<meta property=\"og:site_name\" content=\"Bellevue Mediation\" \/>\n<meta property=\"article:modified_time\" content=\"2022-01-20T13:53:49+00:00\" \/>\n<meta name=\"twitter:card\" content=\"summary_large_image\" \/>\n<meta name=\"twitter:label1\" content=\"Est. reading time\" \/>\n\t<meta name=\"twitter:data1\" content=\"2 minutes\" \/>\n<script type=\"application\/ld+json\" class=\"yoast-schema-graph\">{\"@context\":\"https:\\\/\\\/schema.org\",\"@graph\":[{\"@type\":\"WebPage\",\"@id\":\"https:\\\/\\\/www.bellevue-mediation.ch\\\/en\\\/mediation-for-couples-and-families\\\/children-and-parental-care\\\/\",\"url\":\"https:\\\/\\\/www.bellevue-mediation.ch\\\/en\\\/mediation-for-couples-and-families\\\/children-and-parental-care\\\/\",\"name\":\"( Children and parental care ) &#8211; Bellevue Mediation\",\"isPartOf\":{\"@id\":\"https:\\\/\\\/www.bellevue-mediation.ch\\\/en\\\/#website\"},\"datePublished\":\"2020-03-28T12:22:20+00:00\",\"dateModified\":\"2022-01-20T13:53:49+00:00\",\"breadcrumb\":{\"@id\":\"https:\\\/\\\/www.bellevue-mediation.ch\\\/en\\\/mediation-for-couples-and-families\\\/children-and-parental-care\\\/#breadcrumb\"},\"inLanguage\":\"en-US\",\"potentialAction\":[{\"@type\":\"ReadAction\",\"target\":[\"https:\\\/\\\/www.bellevue-mediation.ch\\\/en\\\/mediation-for-couples-and-families\\\/children-and-parental-care\\\/\"]}]},{\"@type\":\"BreadcrumbList\",\"@id\":\"https:\\\/\\\/www.bellevue-mediation.ch\\\/en\\\/mediation-for-couples-and-families\\\/children-and-parental-care\\\/#breadcrumb\",\"itemListElement\":[{\"@type\":\"ListItem\",\"position\":1,\"name\":\"Home\",\"item\":\"https:\\\/\\\/www.bellevue-mediation.ch\\\/en\\\/\"},{\"@type\":\"ListItem\",\"position\":2,\"name\":\"( Mediation for Couples and Families )\",\"item\":\"https:\\\/\\\/www.bellevue-mediation.ch\\\/en\\\/mediation-for-couples-and-families\\\/\"},{\"@type\":\"ListItem\",\"position\":3,\"name\":\"( Children and parental care )\"}]},{\"@type\":\"WebSite\",\"@id\":\"https:\\\/\\\/www.bellevue-mediation.ch\\\/en\\\/#website\",\"url\":\"https:\\\/\\\/www.bellevue-mediation.ch\\\/en\\\/\",\"name\":\"Bellevue Mediation\",\"description\":\"Verhandeln \u2013\u00a0Ver\u00e4ndern \u2013 L\u00f6sen\",\"publisher\":{\"@id\":\"https:\\\/\\\/www.bellevue-mediation.ch\\\/en\\\/#organization\"},\"potentialAction\":[{\"@type\":\"SearchAction\",\"target\":{\"@type\":\"EntryPoint\",\"urlTemplate\":\"https:\\\/\\\/www.bellevue-mediation.ch\\\/en\\\/?s={search_term_string}\"},\"query-input\":{\"@type\":\"PropertyValueSpecification\",\"valueRequired\":true,\"valueName\":\"search_term_string\"}}],\"inLanguage\":\"en-US\"},{\"@type\":\"Organization\",\"@id\":\"https:\\\/\\\/www.bellevue-mediation.ch\\\/en\\\/#organization\",\"name\":\"Bellevue Mediation\",\"url\":\"https:\\\/\\\/www.bellevue-mediation.ch\\\/en\\\/\",\"logo\":{\"@type\":\"ImageObject\",\"inLanguage\":\"en-US\",\"@id\":\"https:\\\/\\\/www.bellevue-mediation.ch\\\/en\\\/#\\\/schema\\\/logo\\\/image\\\/\",\"url\":\"https:\\\/\\\/www.bellevue-mediation.ch\\\/wp-content\\\/uploads\\\/Bellevue_Mediation_Logo_800px.png\",\"contentUrl\":\"https:\\\/\\\/www.bellevue-mediation.ch\\\/wp-content\\\/uploads\\\/Bellevue_Mediation_Logo_800px.png\",\"width\":800,\"height\":142,\"caption\":\"Bellevue Mediation\"},\"image\":{\"@id\":\"https:\\\/\\\/www.bellevue-mediation.ch\\\/en\\\/#\\\/schema\\\/logo\\\/image\\\/\"}}]}<\/script>\n<!-- \/ Yoast SEO plugin. -->","yoast_head_json":{"title":"( Children and parental care ) &#8211; Bellevue Mediation","robots":{"index":"index","follow":"follow","max-snippet":"max-snippet:-1","max-image-preview":"max-image-preview:large","max-video-preview":"max-video-preview:-1"},"canonical":"https:\/\/www.bellevue-mediation.ch\/en\/mediation-for-couples-and-families\/children-and-parental-care\/","og_locale":"en_US","og_type":"article","og_title":"( Children and parental care ) &#8211; Bellevue Mediation","og_url":"https:\/\/www.bellevue-mediation.ch\/en\/mediation-for-couples-and-families\/children-and-parental-care\/","og_site_name":"Bellevue Mediation","article_modified_time":"2022-01-20T13:53:49+00:00","twitter_card":"summary_large_image","twitter_misc":{"Est. reading time":"2 minutes"},"schema":{"@context":"https:\/\/schema.org","@graph":[{"@type":"WebPage","@id":"https:\/\/www.bellevue-mediation.ch\/en\/mediation-for-couples-and-families\/children-and-parental-care\/","url":"https:\/\/www.bellevue-mediation.ch\/en\/mediation-for-couples-and-families\/children-and-parental-care\/","name":"( Children and parental care ) &#8211; Bellevue Mediation","isPartOf":{"@id":"https:\/\/www.bellevue-mediation.ch\/en\/#website"},"datePublished":"2020-03-28T12:22:20+00:00","dateModified":"2022-01-20T13:53:49+00:00","breadcrumb":{"@id":"https:\/\/www.bellevue-mediation.ch\/en\/mediation-for-couples-and-families\/children-and-parental-care\/#breadcrumb"},"inLanguage":"en-US","potentialAction":[{"@type":"ReadAction","target":["https:\/\/www.bellevue-mediation.ch\/en\/mediation-for-couples-and-families\/children-and-parental-care\/"]}]},{"@type":"BreadcrumbList","@id":"https:\/\/www.bellevue-mediation.ch\/en\/mediation-for-couples-and-families\/children-and-parental-care\/#breadcrumb","itemListElement":[{"@type":"ListItem","position":1,"name":"Home","item":"https:\/\/www.bellevue-mediation.ch\/en\/"},{"@type":"ListItem","position":2,"name":"( Mediation for Couples and Families )","item":"https:\/\/www.bellevue-mediation.ch\/en\/mediation-for-couples-and-families\/"},{"@type":"ListItem","position":3,"name":"( Children and parental care )"}]},{"@type":"WebSite","@id":"https:\/\/www.bellevue-mediation.ch\/en\/#website","url":"https:\/\/www.bellevue-mediation.ch\/en\/","name":"Bellevue Mediation","description":"Verhandeln \u2013\u00a0Ver\u00e4ndern \u2013 L\u00f6sen","publisher":{"@id":"https:\/\/www.bellevue-mediation.ch\/en\/#organization"},"potentialAction":[{"@type":"SearchAction","target":{"@type":"EntryPoint","urlTemplate":"https:\/\/www.bellevue-mediation.ch\/en\/?s={search_term_string}"},"query-input":{"@type":"PropertyValueSpecification","valueRequired":true,"valueName":"search_term_string"}}],"inLanguage":"en-US"},{"@type":"Organization","@id":"https:\/\/www.bellevue-mediation.ch\/en\/#organization","name":"Bellevue Mediation","url":"https:\/\/www.bellevue-mediation.ch\/en\/","logo":{"@type":"ImageObject","inLanguage":"en-US","@id":"https:\/\/www.bellevue-mediation.ch\/en\/#\/schema\/logo\/image\/","url":"https:\/\/www.bellevue-mediation.ch\/wp-content\/uploads\/Bellevue_Mediation_Logo_800px.png","contentUrl":"https:\/\/www.bellevue-mediation.ch\/wp-content\/uploads\/Bellevue_Mediation_Logo_800px.png","width":800,"height":142,"caption":"Bellevue Mediation"},"image":{"@id":"https:\/\/www.bellevue-mediation.ch\/en\/#\/schema\/logo\/image\/"}}]}},"_links":{"self":[{"href":"https:\/\/www.bellevue-mediation.ch\/en\/wp-json\/wp\/v2\/pages\/451","targetHints":{"allow":["GET"]}}],"collection":[{"href":"https:\/\/www.bellevue-mediation.ch\/en\/wp-json\/wp\/v2\/pages"}],"about":[{"href":"https:\/\/www.bellevue-mediation.ch\/en\/wp-json\/wp\/v2\/types\/page"}],"author":[{"embeddable":true,"href":"https:\/\/www.bellevue-mediation.ch\/en\/wp-json\/wp\/v2\/users\/2"}],"replies":[{"embeddable":true,"href":"https:\/\/www.bellevue-mediation.ch\/en\/wp-json\/wp\/v2\/comments?post=451"}],"version-history":[{"count":2,"href":"https:\/\/www.bellevue-mediation.ch\/en\/wp-json\/wp\/v2\/pages\/451\/revisions"}],"predecessor-version":[{"id":1289,"href":"https:\/\/www.bellevue-mediation.ch\/en\/wp-json\/wp\/v2\/pages\/451\/revisions\/1289"}],"up":[{"embeddable":true,"href":"https:\/\/www.bellevue-mediation.ch\/en\/wp-json\/wp\/v2\/pages\/442"}],"wp:attachment":[{"href":"https:\/\/www.bellevue-mediation.ch\/en\/wp-json\/wp\/v2\/media?parent=451"}],"curies":[{"name":"wp","href":"https:\/\/api.w.org\/{rel}","templated":true}]}}