{"id":444,"date":"2020-03-28T13:11:15","date_gmt":"2020-03-28T12:11:15","guid":{"rendered":"https:\/\/new.bellevue-mediation.ch\/mediation-for-couples-and-families\/determining-the-status-quo-transitional-solutions-and-ambivalence-consulting\/"},"modified":"2022-01-20T14:53:21","modified_gmt":"2022-01-20T13:53:21","slug":"determining-the-status-quo-transitional-solutions-and-ambivalence-consulting","status":"publish","type":"page","link":"https:\/\/www.bellevue-mediation.ch\/en\/mediation-for-couples-and-families\/determining-the-status-quo-transitional-solutions-and-ambivalence-consulting\/","title":{"rendered":"( Determining the status quo, transitional solutions and ambivalence consulting )"},"content":{"rendered":"<div class=\"et_d4_element et_pb_section et_pb_section_0  et_pb_css_mix_blend_mode et_section_regular et_block_section\" >\n\t\t\t\t\n\t\t\t\t\n\t\t\t\t\n\t\t\t\t\n\t\t\t\t\n\t\t\t\t\n\t\t\t\t<div class=\"et_d4_element et_pb_row et_pb_row_0  et_pb_css_mix_blend_mode et_block_row\">\n\t\t\t\t<div class=\"et_d4_element et_pb_column_4_4 et_pb_column et_pb_column_0  et_pb_css_mix_blend_mode et-last-child et_block_column\">\n\t\t\t\t\n\t\t\t\t\n\t\t\t\t\n\t\t\t\t\n\t\t\t\t<div class=\"et_pb_module et_d4_element et_pb_text et_pb_text_0  et_pb_text_align_left et_pb_bg_layout_light\">\n\t\t\t\t\n\t\t\t\t\n\t\t\t\t\n\t\t\t\t\n\t\t\t\t<div class=\"et_pb_text_inner\"><h1>Determining the status quo, transitional solutions and ambivalence consulting<\/h1><\/div>\n\t\t\t<\/div>\n\t\t\t<\/div>\n\t\t\t\t\n\t\t\t\t\n\t\t\t\t\n\t\t\t\t\n\t\t\t<\/div><div class=\"et_d4_element et_pb_row et_pb_row_1  et_pb_css_mix_blend_mode et_block_row\">\n\t\t\t\t<div class=\"et_d4_element et_pb_column_1_2 et_pb_column et_pb_column_1  et_pb_css_mix_blend_mode et_block_column\">\n\t\t\t\t\n\t\t\t\t\n\t\t\t\t\n\t\t\t\t\n\t\t\t\t<div class=\"et_pb_module et_d4_element et_pb_text et_pb_text_1  et_pb_text_align_left et_pb_bg_layout_light\">\n\t\t\t\t\n\t\t\t\t\n\t\t\t\t\n\t\t\t\t\n\t\t\t\t<div class=\"et_pb_text_inner\">Many couples come to our practice that are surprised or overwhelmed by the development of the relationship as a couple or unable to deal with it.<\/p>\n<p>The possibility of separation or divorce is perhaps a real option and may cause quite some irritation.<\/p>\n<p>Often, emotional anguish, insecurity, and those many question marks make a joint discussion impossible.<\/p>\n<p>In mediation, you can regain the control over what happens - even as a couple.<\/div>\n\t\t\t<\/div>\n\t\t\t<\/div><div class=\"et_d4_element et_pb_column_1_2 et_pb_column et_pb_column_2  et_pb_css_mix_blend_mode et-last-child et_block_column\">\n\t\t\t\t\n\t\t\t\t\n\t\t\t\t\n\t\t\t\t\n\t\t\t\t<div class=\"et_pb_module et_d4_element et_pb_text et_pb_text_2  et_pb_text_align_left et_pb_bg_layout_light\">\n\t\t\t\t\n\t\t\t\t\n\t\t\t\t\n\t\t\t\t\n\t\t\t\t<div class=\"et_pb_text_inner\">You clarify where each of you stands, and where you stand as a couple.<\/p>\n<p>Together, you determine how things should move forward at this point in time in a manner that makes the pace of events acceptable to both of you.<\/p>\n<p>In a crisis, transitional solutions help you to secure your livelihood and to find necessary peace.<\/p>\n<p>In this fashion, you attain openness and readiness for negotiations in order to find good solutions for new situations.<\/div>\n\t\t\t<\/div>\n\t\t\t<\/div>\n\t\t\t\t\n\t\t\t\t\n\t\t\t\t\n\t\t\t\t\n\t\t\t<\/div>\n\t\t\t\t\n\t\t\t\t\n\t\t\t<\/div>\n","protected":false},"excerpt":{"rendered":"","protected":false},"author":2,"featured_media":0,"parent":442,"menu_order":0,"comment_status":"closed","ping_status":"closed","template":"","meta":{"_et_pb_use_builder":"on","_et_pb_old_content":"In unsere Praxis kommen immer wieder Paare, die von der Entwicklung ihrer Paarbeziehung \u00fcberrascht, \u00fcberrollt, \u00fcberfordert sind.\r\n\r\nDie Frage einer Trennung oder einer Scheidung steht vielleicht im Raum und kann viel Irritation ausl\u00f6sen.\r\n\r\nOft verunm\u00f6glichen die emotionale Betroffenheit, die Unsicherheit und die vielen Fragezeichen das gemeinsame Gespr\u00e4ch.\r\n\r\nIn der Mediation k\u00f6nnen Sie - auch als Paar - die Kontrolle \u00fcber das Geschehen wieder erlangen.\r\n\r\nSie kl\u00e4ren, wo jeder von Ihnen steht und wo sie als Paar stehen.\r\n\r\nSie bestimmen miteinander, wie es im Moment weitergehen soll, so, dass das Tempo der Ereignisse f\u00fcr Sie beide stimmt.\r\n\r\nIn der Krise helfen \u00dcbergangsl\u00f6sungen, die Existenz zu sichern und die n\u00f6tige Ruhe zu finden.\r\n\r\nSo gewinnen Sie Offenheit und Verhandlungsbereitschaft, um gute L\u00f6sungen f\u00fcr neue Situationen finden zu k\u00f6nnen.","_et_gb_content_width":"","footnotes":""},"class_list":["post-444","page","type-page","status-publish","hentry"],"yoast_head":"<!-- This site is optimized with the Yoast SEO plugin v27.5 - https:\/\/yoast.com\/product\/yoast-seo-wordpress\/ -->\n<title>( Determining the status quo, transitional solutions and ambivalence consulting ) &#8211; Bellevue Mediation<\/title>\n<meta name=\"robots\" content=\"index, follow, max-snippet:-1, max-image-preview:large, max-video-preview:-1\" \/>\n<link rel=\"canonical\" href=\"https:\/\/www.bellevue-mediation.ch\/en\/mediation-for-couples-and-families\/determining-the-status-quo-transitional-solutions-and-ambivalence-consulting\/\" \/>\n<meta property=\"og:locale\" content=\"en_US\" \/>\n<meta property=\"og:type\" content=\"article\" \/>\n<meta property=\"og:title\" content=\"( Determining the status quo, transitional solutions and ambivalence consulting ) &#8211; Bellevue Mediation\" \/>\n<meta property=\"og:url\" content=\"https:\/\/www.bellevue-mediation.ch\/en\/mediation-for-couples-and-families\/determining-the-status-quo-transitional-solutions-and-ambivalence-consulting\/\" \/>\n<meta property=\"og:site_name\" content=\"Bellevue Mediation\" \/>\n<meta property=\"article:modified_time\" content=\"2022-01-20T13:53:21+00:00\" \/>\n<meta name=\"twitter:card\" content=\"summary_large_image\" \/>\n<meta name=\"twitter:label1\" content=\"Est. reading time\" \/>\n\t<meta name=\"twitter:data1\" content=\"1 minute\" \/>\n<script type=\"application\/ld+json\" class=\"yoast-schema-graph\">{\"@context\":\"https:\\\/\\\/schema.org\",\"@graph\":[{\"@type\":\"WebPage\",\"@id\":\"https:\\\/\\\/www.bellevue-mediation.ch\\\/en\\\/mediation-for-couples-and-families\\\/determining-the-status-quo-transitional-solutions-and-ambivalence-consulting\\\/\",\"url\":\"https:\\\/\\\/www.bellevue-mediation.ch\\\/en\\\/mediation-for-couples-and-families\\\/determining-the-status-quo-transitional-solutions-and-ambivalence-consulting\\\/\",\"name\":\"( Determining the status quo, transitional solutions and ambivalence consulting ) &#8211; Bellevue Mediation\",\"isPartOf\":{\"@id\":\"https:\\\/\\\/www.bellevue-mediation.ch\\\/en\\\/#website\"},\"datePublished\":\"2020-03-28T12:11:15+00:00\",\"dateModified\":\"2022-01-20T13:53:21+00:00\",\"breadcrumb\":{\"@id\":\"https:\\\/\\\/www.bellevue-mediation.ch\\\/en\\\/mediation-for-couples-and-families\\\/determining-the-status-quo-transitional-solutions-and-ambivalence-consulting\\\/#breadcrumb\"},\"inLanguage\":\"en-US\",\"potentialAction\":[{\"@type\":\"ReadAction\",\"target\":[\"https:\\\/\\\/www.bellevue-mediation.ch\\\/en\\\/mediation-for-couples-and-families\\\/determining-the-status-quo-transitional-solutions-and-ambivalence-consulting\\\/\"]}]},{\"@type\":\"BreadcrumbList\",\"@id\":\"https:\\\/\\\/www.bellevue-mediation.ch\\\/en\\\/mediation-for-couples-and-families\\\/determining-the-status-quo-transitional-solutions-and-ambivalence-consulting\\\/#breadcrumb\",\"itemListElement\":[{\"@type\":\"ListItem\",\"position\":1,\"name\":\"Home\",\"item\":\"https:\\\/\\\/www.bellevue-mediation.ch\\\/en\\\/\"},{\"@type\":\"ListItem\",\"position\":2,\"name\":\"( Mediation for Couples and Families )\",\"item\":\"https:\\\/\\\/www.bellevue-mediation.ch\\\/en\\\/mediation-for-couples-and-families\\\/\"},{\"@type\":\"ListItem\",\"position\":3,\"name\":\"( Determining the status quo, transitional solutions and ambivalence consulting )\"}]},{\"@type\":\"WebSite\",\"@id\":\"https:\\\/\\\/www.bellevue-mediation.ch\\\/en\\\/#website\",\"url\":\"https:\\\/\\\/www.bellevue-mediation.ch\\\/en\\\/\",\"name\":\"Bellevue Mediation\",\"description\":\"Verhandeln \u2013\u00a0Ver\u00e4ndern \u2013 L\u00f6sen\",\"publisher\":{\"@id\":\"https:\\\/\\\/www.bellevue-mediation.ch\\\/en\\\/#organization\"},\"potentialAction\":[{\"@type\":\"SearchAction\",\"target\":{\"@type\":\"EntryPoint\",\"urlTemplate\":\"https:\\\/\\\/www.bellevue-mediation.ch\\\/en\\\/?s={search_term_string}\"},\"query-input\":{\"@type\":\"PropertyValueSpecification\",\"valueRequired\":true,\"valueName\":\"search_term_string\"}}],\"inLanguage\":\"en-US\"},{\"@type\":\"Organization\",\"@id\":\"https:\\\/\\\/www.bellevue-mediation.ch\\\/en\\\/#organization\",\"name\":\"Bellevue Mediation\",\"url\":\"https:\\\/\\\/www.bellevue-mediation.ch\\\/en\\\/\",\"logo\":{\"@type\":\"ImageObject\",\"inLanguage\":\"en-US\",\"@id\":\"https:\\\/\\\/www.bellevue-mediation.ch\\\/en\\\/#\\\/schema\\\/logo\\\/image\\\/\",\"url\":\"https:\\\/\\\/www.bellevue-mediation.ch\\\/wp-content\\\/uploads\\\/Bellevue_Mediation_Logo_800px.png\",\"contentUrl\":\"https:\\\/\\\/www.bellevue-mediation.ch\\\/wp-content\\\/uploads\\\/Bellevue_Mediation_Logo_800px.png\",\"width\":800,\"height\":142,\"caption\":\"Bellevue Mediation\"},\"image\":{\"@id\":\"https:\\\/\\\/www.bellevue-mediation.ch\\\/en\\\/#\\\/schema\\\/logo\\\/image\\\/\"}}]}<\/script>\n<!-- \/ Yoast SEO plugin. -->","yoast_head_json":{"title":"( Determining the status quo, transitional solutions and ambivalence consulting ) &#8211; Bellevue Mediation","robots":{"index":"index","follow":"follow","max-snippet":"max-snippet:-1","max-image-preview":"max-image-preview:large","max-video-preview":"max-video-preview:-1"},"canonical":"https:\/\/www.bellevue-mediation.ch\/en\/mediation-for-couples-and-families\/determining-the-status-quo-transitional-solutions-and-ambivalence-consulting\/","og_locale":"en_US","og_type":"article","og_title":"( Determining the status quo, transitional solutions and ambivalence consulting ) &#8211; Bellevue Mediation","og_url":"https:\/\/www.bellevue-mediation.ch\/en\/mediation-for-couples-and-families\/determining-the-status-quo-transitional-solutions-and-ambivalence-consulting\/","og_site_name":"Bellevue Mediation","article_modified_time":"2022-01-20T13:53:21+00:00","twitter_card":"summary_large_image","twitter_misc":{"Est. reading time":"1 minute"},"schema":{"@context":"https:\/\/schema.org","@graph":[{"@type":"WebPage","@id":"https:\/\/www.bellevue-mediation.ch\/en\/mediation-for-couples-and-families\/determining-the-status-quo-transitional-solutions-and-ambivalence-consulting\/","url":"https:\/\/www.bellevue-mediation.ch\/en\/mediation-for-couples-and-families\/determining-the-status-quo-transitional-solutions-and-ambivalence-consulting\/","name":"( Determining the status quo, transitional solutions and ambivalence consulting ) &#8211; Bellevue Mediation","isPartOf":{"@id":"https:\/\/www.bellevue-mediation.ch\/en\/#website"},"datePublished":"2020-03-28T12:11:15+00:00","dateModified":"2022-01-20T13:53:21+00:00","breadcrumb":{"@id":"https:\/\/www.bellevue-mediation.ch\/en\/mediation-for-couples-and-families\/determining-the-status-quo-transitional-solutions-and-ambivalence-consulting\/#breadcrumb"},"inLanguage":"en-US","potentialAction":[{"@type":"ReadAction","target":["https:\/\/www.bellevue-mediation.ch\/en\/mediation-for-couples-and-families\/determining-the-status-quo-transitional-solutions-and-ambivalence-consulting\/"]}]},{"@type":"BreadcrumbList","@id":"https:\/\/www.bellevue-mediation.ch\/en\/mediation-for-couples-and-families\/determining-the-status-quo-transitional-solutions-and-ambivalence-consulting\/#breadcrumb","itemListElement":[{"@type":"ListItem","position":1,"name":"Home","item":"https:\/\/www.bellevue-mediation.ch\/en\/"},{"@type":"ListItem","position":2,"name":"( Mediation for Couples and Families )","item":"https:\/\/www.bellevue-mediation.ch\/en\/mediation-for-couples-and-families\/"},{"@type":"ListItem","position":3,"name":"( Determining the status quo, transitional solutions and ambivalence consulting )"}]},{"@type":"WebSite","@id":"https:\/\/www.bellevue-mediation.ch\/en\/#website","url":"https:\/\/www.bellevue-mediation.ch\/en\/","name":"Bellevue Mediation","description":"Verhandeln \u2013\u00a0Ver\u00e4ndern \u2013 L\u00f6sen","publisher":{"@id":"https:\/\/www.bellevue-mediation.ch\/en\/#organization"},"potentialAction":[{"@type":"SearchAction","target":{"@type":"EntryPoint","urlTemplate":"https:\/\/www.bellevue-mediation.ch\/en\/?s={search_term_string}"},"query-input":{"@type":"PropertyValueSpecification","valueRequired":true,"valueName":"search_term_string"}}],"inLanguage":"en-US"},{"@type":"Organization","@id":"https:\/\/www.bellevue-mediation.ch\/en\/#organization","name":"Bellevue Mediation","url":"https:\/\/www.bellevue-mediation.ch\/en\/","logo":{"@type":"ImageObject","inLanguage":"en-US","@id":"https:\/\/www.bellevue-mediation.ch\/en\/#\/schema\/logo\/image\/","url":"https:\/\/www.bellevue-mediation.ch\/wp-content\/uploads\/Bellevue_Mediation_Logo_800px.png","contentUrl":"https:\/\/www.bellevue-mediation.ch\/wp-content\/uploads\/Bellevue_Mediation_Logo_800px.png","width":800,"height":142,"caption":"Bellevue Mediation"},"image":{"@id":"https:\/\/www.bellevue-mediation.ch\/en\/#\/schema\/logo\/image\/"}}]}},"_links":{"self":[{"href":"https:\/\/www.bellevue-mediation.ch\/en\/wp-json\/wp\/v2\/pages\/444","targetHints":{"allow":["GET"]}}],"collection":[{"href":"https:\/\/www.bellevue-mediation.ch\/en\/wp-json\/wp\/v2\/pages"}],"about":[{"href":"https:\/\/www.bellevue-mediation.ch\/en\/wp-json\/wp\/v2\/types\/page"}],"author":[{"embeddable":true,"href":"https:\/\/www.bellevue-mediation.ch\/en\/wp-json\/wp\/v2\/users\/2"}],"replies":[{"embeddable":true,"href":"https:\/\/www.bellevue-mediation.ch\/en\/wp-json\/wp\/v2\/comments?post=444"}],"version-history":[{"count":2,"href":"https:\/\/www.bellevue-mediation.ch\/en\/wp-json\/wp\/v2\/pages\/444\/revisions"}],"predecessor-version":[{"id":1286,"href":"https:\/\/www.bellevue-mediation.ch\/en\/wp-json\/wp\/v2\/pages\/444\/revisions\/1286"}],"up":[{"embeddable":true,"href":"https:\/\/www.bellevue-mediation.ch\/en\/wp-json\/wp\/v2\/pages\/442"}],"wp:attachment":[{"href":"https:\/\/www.bellevue-mediation.ch\/en\/wp-json\/wp\/v2\/media?parent=444"}],"curies":[{"name":"wp","href":"https:\/\/api.w.org\/{rel}","templated":true}]}}