{"id":442,"date":"2020-03-28T13:07:02","date_gmt":"2020-03-28T12:07:02","guid":{"rendered":"https:\/\/new.bellevue-mediation.ch\/mediation-for-couples-and-families\/"},"modified":"2022-01-20T14:53:10","modified_gmt":"2022-01-20T13:53:10","slug":"mediation-for-couples-and-families","status":"publish","type":"page","link":"https:\/\/www.bellevue-mediation.ch\/en\/mediation-for-couples-and-families\/","title":{"rendered":"( Mediation for Couples and Families )"},"content":{"rendered":"<div class=\"et_d4_element et_pb_section et_pb_section_0  et_pb_css_mix_blend_mode et_section_regular et_block_section\" >\n\t\t\t\t\n\t\t\t\t\n\t\t\t\t\n\t\t\t\t\n\t\t\t\t\n\t\t\t\t\n\t\t\t\t<div class=\"et_d4_element et_pb_row et_pb_row_0  et_pb_css_mix_blend_mode et_block_row\">\n\t\t\t\t<div class=\"et_d4_element et_pb_column_4_4 et_pb_column et_pb_column_0  et_pb_css_mix_blend_mode et-last-child et_block_column\">\n\t\t\t\t\n\t\t\t\t\n\t\t\t\t\n\t\t\t\t\n\t\t\t\t<div class=\"et_pb_module et_d4_element et_pb_text et_pb_text_0  et_pb_text_align_left et_pb_bg_layout_light\">\n\t\t\t\t\n\t\t\t\t\n\t\t\t\t\n\t\t\t\t\n\t\t\t\t<div class=\"et_pb_text_inner\"><h1>Mediation for Couples and Families<\/h1><\/div>\n\t\t\t<\/div>\n\t\t\t<\/div>\n\t\t\t\t\n\t\t\t\t\n\t\t\t\t\n\t\t\t\t\n\t\t\t<\/div><div class=\"et_d4_element et_pb_row et_pb_row_1  et_pb_css_mix_blend_mode et_block_row\">\n\t\t\t\t<div class=\"et_d4_element et_pb_column_1_3 et_pb_column et_pb_column_1  et_pb_css_mix_blend_mode et_block_column\">\n\t\t\t\t\n\t\t\t\t\n\t\t\t\t\n\t\t\t\t\n\t\t\t\t<div class=\"et_pb_module et_d4_element et_pb_text et_pb_text_1  et_pb_text_align_left et_pb_bg_layout_light\">\n\t\t\t\t\n\t\t\t\t\n\t\t\t\t\n\t\t\t\t\n\t\t\t\t<div class=\"et_pb_text_inner\"><h2>Idea, Procedure and Requirements<\/h2>\n<p>In couple relationships and families, questions, different views, differences of opinion, arguments or conflicts may develop repeatedly. The desire may arise to change the current situation.<\/p>\n<p>Couple and family mediation provide you with the framework for entering into a discussion with each other, for open exchange about different possibilities, for developing suitable solutions, or adjusting existing models.<br \/>\nThe range of options extends from reorganization of life together through separation coaching, the form and settlement of separation or divorce, to working out a court- approved convention.<\/p>\n<p>In any event, the focus of mediation work is on the future. The new path to be traveled will be thought through and planned in individual steps.<br \/>\nOften, the partners in couple conflict are not at the same point. One of them has already accommodated the new situation while the other one is overwhelmed by the events. During mediation, they will find a pace that enables both of them to work competently on the new situation.<\/div>\n\t\t\t<\/div>\n\t\t\t<\/div><div class=\"et_d4_element et_pb_column_1_3 et_pb_column et_pb_column_2  et_pb_css_mix_blend_mode et_block_column\">\n\t\t\t\t\n\t\t\t\t\n\t\t\t\t\n\t\t\t\t\n\t\t\t\t<div class=\"et_pb_module et_d4_element et_pb_text et_pb_text_2  et_pb_text_align_left et_pb_bg_layout_light\">\n\t\t\t\t\n\t\t\t\t\n\t\t\t\t\n\t\t\t\t\n\t\t\t\t<div class=\"et_pb_text_inner\">The mediation practice is a neutral space. The mediators structure the discussion and guide you into a future-oriented, constructive dialog. Contentious positions will be set aside under the professional leadership of the mediator to the benefit of true needs, wants and desires.<br \/>\nThus, an open exchange takes place that not only strengthens your ability to cooperate and deal with conflict but that also fully opens the windows to your individual solutions.<br \/>\nMediation is about developing the best solutions for both parties. Thoroughly negotiated win-win solutions are satisfying and they last.<\/p>\n<p>In this manner, you remain the experts of your personal lives. After all, you are the ones that will find the solutions and that will live by them.<\/p>\n<p>Mediation merely requires your willingness to sit together at the same table to speak with each other.<br \/>\nThis is all that is needed to start on the path to a solution.<\/p>\n<p>It is important to understand that under no circumstances will the mediators appear as witnesses in later legal proceedings, or that information arising out of the mediation will otherwise be provided to third parties.<\/div>\n\t\t\t<\/div>\n\t\t\t<\/div><div class=\"et_d4_element et_pb_column_1_3 et_pb_column et_pb_column_3  et_pb_css_mix_blend_mode et-last-child et_block_column\">\n\t\t\t\t\n\t\t\t\t\n\t\t\t\t\n\t\t\t\t\n\t\t\t\t<div class=\"et_pb_module et_d4_element et_pb_text et_pb_text_3  et_pb_text_align_left et_pb_bg_layout_light\">\n\t\t\t\t\n\t\t\t\t\n\t\t\t\t\n\t\t\t\t\n\t\t\t\t<div class=\"et_pb_text_inner\"><h2>What Co-Mediation is<\/h2>\n<p>Bellevue Mediation offers co-mediation particularly in the area of family mediation.<\/p>\n<p>Co-mediation means that on the mediator side, two people, usually a man and a woman, support you as mediators.<\/p>\n<p>Our staff members dealing with adults and children are thoroughly trained and have professional experience as attorneys or as psychologists.<\/p>\n<p>We are neutral and both mediators support both of you.<\/p>\n<p>Accordingly, co-mediation offers you broad know-how and the extensive competence of our male and female mediators in the development of and agreement on the solutions, which are optimal for you.<\/div>\n\t\t\t<\/div>\n\t\t\t<\/div>\n\t\t\t\t\n\t\t\t\t\n\t\t\t\t\n\t\t\t\t\n\t\t\t<\/div>\n\t\t\t\t\n\t\t\t\t\n\t\t\t<\/div>\n","protected":false},"excerpt":{"rendered":"","protected":false},"author":2,"featured_media":0,"parent":0,"menu_order":9,"comment_status":"closed","ping_status":"closed","template":"","meta":{"_et_pb_use_builder":"on","_et_pb_old_content":"<h2>Idee, Ablauf und Voraussetzungen<\/h2>\r\nIn Paarbeziehungen und Familien kann es immer wieder Fragen, unterschiedliche Ansichten, Meinungsverschiedenheiten, Auseinandersetzungen oder Konflikte geben. Es kann der Wunsch nach einer Ver\u00e4nderung der aktuellen Situation entstehen.\r\n\r\nIn der Paar- und Familienmediation finden Sie den Rahmen, um miteinander ins Gespr\u00e4ch zu kommen, sich offen \u00fcber verschiedene M\u00f6glichkeiten auszutauschen, die passenden L\u00f6sungen zu entwickeln, oder bestehende Modelle anzupassen.\r\nDie Palette reicht von der Neuorganisation des Zusammenlebens \u00fcber das Coaching beim Auseinandergehen, die Gestaltung und Regelung der Trennung oder der Scheidung bis zur Ausarbeitung einer gerichtlich genehmigten Konvention.\r\n\r\nDer Fokus der Mediationsarbeit liegt auf jeden Fall in der Zukunft. Der neue Weg, der beschritten werden soll, wird in den einzelnen Schritten durchdacht und geplant.\r\nOft stehen die Partner in einem Paarkonflikt nicht am selben Punkt. Eine\/r von Ihnen hat sich mit der neuen Situation schon arrangiert, der\/die andere hingegen ist von den Geschehnissen \u00fcberrollt. Sie werden in der Mediation zu einem f\u00fcr beide gangbaren Tempo finden, das Sie beide bef\u00e4higt, kompetent an der neuen Situation zu arbeiten.\r\n\r\nDie Mediationspraxis ist ein neutraler Raum. Die Mediatoren strukturieren das Gespr\u00e4ch und f\u00fchren Sie in einen zukunftsorientierten, konstruktiven Dialog. Strittige Positionen werden unter der professionellen Leitung des Mediators oder der Mediatorin zugunsten der wahren Interessen, W\u00fcnsche und Bed\u00fcrfnisse zur Seite gelegt.\r\nSo findet ein offener Austausch statt, der nicht nur Ihre Kooperations- und Konfliktf\u00e4higkeit st\u00e4rkt, sondern Ihnen auch die Fenster zu Ihren individuellen L\u00f6sungen weit \u00f6ffnet.\r\nEs geht in der Mediation darum, die f\u00fcr beide besten L\u00f6sungen zu entwickeln. Gr\u00fcndlich ausgehandelte \u201awin-win - L\u00f6sungen' wirken befriedend und nachhaltig.\r\n\r\nSo bleiben Sie die Experten Ihres pers\u00f6nlichen Lebens, denn Sie sind es, die die L\u00f6sungen finden und leben werden.\r\n\r\nMediation setzt lediglich Ihre Bereitschaft voraus, an einen Tisch zu sitzen und miteinander zu sprechen.\r\nDas ist alles, was es braucht, um den Weg zur L\u00f6sung zu beginnen.\r\n\r\nWichtig zu wissen ist, dass die Mediatoren keinesfalls in einem allf\u00e4lligen sp\u00e4teren Gerichtsverfahren als Zeugen auftreten, oder sonst Informationen aus der Mediation an Dritte weitergeben.\r\n<h2>Was Co-Mediation ist<\/h2>\r\nDie Bellevue Mediation bietet Ihnen insbesondere im Bereich Familienmediation die Co-Mediation an.\r\n\r\nCo-Mediation heisst, dass auch auf Seite der Mediatoren zwei Personen, bei uns regelm\u00e4ssig eine Frau und ein Mann als Mediatoren, Sie unterst\u00fctzen.\r\n\r\nWir verf\u00fcgen \u00fcber fundierte Ausbildung und \u00fcber berufliche Erfahrung als Rechtsanw\u00e4lte oder als Psychologin im Umgang mit Erwachsenen und mit Kindern.\r\n\r\nWir sind neutral und stehen beide hinter Ihnen beiden.\r\n\r\nIn der Co-Mediation stehen Ihnen somit ein breites Know-How und weitreichende Kompetenzen unserer Mediatorinnen und Mediatoren zur Entwicklung und Vereinbarung der f\u00fcr Sie optimalen L\u00f6sungen Verf\u00fcgung.","_et_gb_content_width":"","footnotes":""},"class_list":["post-442","page","type-page","status-publish","hentry"],"yoast_head":"<!-- This site is optimized with the Yoast SEO plugin v27.5 - https:\/\/yoast.com\/product\/yoast-seo-wordpress\/ -->\n<title>( Mediation for Couples and Families ) &#8211; Bellevue Mediation<\/title>\n<meta name=\"robots\" content=\"index, follow, max-snippet:-1, max-image-preview:large, max-video-preview:-1\" \/>\n<link rel=\"canonical\" href=\"https:\/\/www.bellevue-mediation.ch\/en\/mediation-for-couples-and-families\/\" \/>\n<meta property=\"og:locale\" content=\"en_US\" \/>\n<meta property=\"og:type\" content=\"article\" \/>\n<meta property=\"og:title\" content=\"( Mediation for Couples and Families ) &#8211; Bellevue Mediation\" \/>\n<meta property=\"og:url\" content=\"https:\/\/www.bellevue-mediation.ch\/en\/mediation-for-couples-and-families\/\" \/>\n<meta property=\"og:site_name\" content=\"Bellevue Mediation\" \/>\n<meta property=\"article:modified_time\" content=\"2022-01-20T13:53:10+00:00\" \/>\n<meta name=\"twitter:card\" content=\"summary_large_image\" \/>\n<meta name=\"twitter:label1\" content=\"Est. reading time\" \/>\n\t<meta name=\"twitter:data1\" content=\"3 minutes\" \/>\n<script type=\"application\/ld+json\" class=\"yoast-schema-graph\">{\"@context\":\"https:\\\/\\\/schema.org\",\"@graph\":[{\"@type\":\"WebPage\",\"@id\":\"https:\\\/\\\/www.bellevue-mediation.ch\\\/en\\\/mediation-for-couples-and-families\\\/\",\"url\":\"https:\\\/\\\/www.bellevue-mediation.ch\\\/en\\\/mediation-for-couples-and-families\\\/\",\"name\":\"( Mediation for Couples and Families ) &#8211; Bellevue Mediation\",\"isPartOf\":{\"@id\":\"https:\\\/\\\/www.bellevue-mediation.ch\\\/en\\\/#website\"},\"datePublished\":\"2020-03-28T12:07:02+00:00\",\"dateModified\":\"2022-01-20T13:53:10+00:00\",\"breadcrumb\":{\"@id\":\"https:\\\/\\\/www.bellevue-mediation.ch\\\/en\\\/mediation-for-couples-and-families\\\/#breadcrumb\"},\"inLanguage\":\"en-US\",\"potentialAction\":[{\"@type\":\"ReadAction\",\"target\":[\"https:\\\/\\\/www.bellevue-mediation.ch\\\/en\\\/mediation-for-couples-and-families\\\/\"]}]},{\"@type\":\"BreadcrumbList\",\"@id\":\"https:\\\/\\\/www.bellevue-mediation.ch\\\/en\\\/mediation-for-couples-and-families\\\/#breadcrumb\",\"itemListElement\":[{\"@type\":\"ListItem\",\"position\":1,\"name\":\"Home\",\"item\":\"https:\\\/\\\/www.bellevue-mediation.ch\\\/en\\\/\"},{\"@type\":\"ListItem\",\"position\":2,\"name\":\"( Mediation for Couples and Families )\"}]},{\"@type\":\"WebSite\",\"@id\":\"https:\\\/\\\/www.bellevue-mediation.ch\\\/en\\\/#website\",\"url\":\"https:\\\/\\\/www.bellevue-mediation.ch\\\/en\\\/\",\"name\":\"Bellevue Mediation\",\"description\":\"Verhandeln \u2013\u00a0Ver\u00e4ndern \u2013 L\u00f6sen\",\"publisher\":{\"@id\":\"https:\\\/\\\/www.bellevue-mediation.ch\\\/en\\\/#organization\"},\"potentialAction\":[{\"@type\":\"SearchAction\",\"target\":{\"@type\":\"EntryPoint\",\"urlTemplate\":\"https:\\\/\\\/www.bellevue-mediation.ch\\\/en\\\/?s={search_term_string}\"},\"query-input\":{\"@type\":\"PropertyValueSpecification\",\"valueRequired\":true,\"valueName\":\"search_term_string\"}}],\"inLanguage\":\"en-US\"},{\"@type\":\"Organization\",\"@id\":\"https:\\\/\\\/www.bellevue-mediation.ch\\\/en\\\/#organization\",\"name\":\"Bellevue Mediation\",\"url\":\"https:\\\/\\\/www.bellevue-mediation.ch\\\/en\\\/\",\"logo\":{\"@type\":\"ImageObject\",\"inLanguage\":\"en-US\",\"@id\":\"https:\\\/\\\/www.bellevue-mediation.ch\\\/en\\\/#\\\/schema\\\/logo\\\/image\\\/\",\"url\":\"https:\\\/\\\/www.bellevue-mediation.ch\\\/wp-content\\\/uploads\\\/Bellevue_Mediation_Logo_800px.png\",\"contentUrl\":\"https:\\\/\\\/www.bellevue-mediation.ch\\\/wp-content\\\/uploads\\\/Bellevue_Mediation_Logo_800px.png\",\"width\":800,\"height\":142,\"caption\":\"Bellevue Mediation\"},\"image\":{\"@id\":\"https:\\\/\\\/www.bellevue-mediation.ch\\\/en\\\/#\\\/schema\\\/logo\\\/image\\\/\"}}]}<\/script>\n<!-- \/ Yoast SEO plugin. -->","yoast_head_json":{"title":"( Mediation for Couples and Families ) &#8211; Bellevue Mediation","robots":{"index":"index","follow":"follow","max-snippet":"max-snippet:-1","max-image-preview":"max-image-preview:large","max-video-preview":"max-video-preview:-1"},"canonical":"https:\/\/www.bellevue-mediation.ch\/en\/mediation-for-couples-and-families\/","og_locale":"en_US","og_type":"article","og_title":"( Mediation for Couples and Families ) &#8211; Bellevue Mediation","og_url":"https:\/\/www.bellevue-mediation.ch\/en\/mediation-for-couples-and-families\/","og_site_name":"Bellevue Mediation","article_modified_time":"2022-01-20T13:53:10+00:00","twitter_card":"summary_large_image","twitter_misc":{"Est. reading time":"3 minutes"},"schema":{"@context":"https:\/\/schema.org","@graph":[{"@type":"WebPage","@id":"https:\/\/www.bellevue-mediation.ch\/en\/mediation-for-couples-and-families\/","url":"https:\/\/www.bellevue-mediation.ch\/en\/mediation-for-couples-and-families\/","name":"( Mediation for Couples and Families ) &#8211; Bellevue Mediation","isPartOf":{"@id":"https:\/\/www.bellevue-mediation.ch\/en\/#website"},"datePublished":"2020-03-28T12:07:02+00:00","dateModified":"2022-01-20T13:53:10+00:00","breadcrumb":{"@id":"https:\/\/www.bellevue-mediation.ch\/en\/mediation-for-couples-and-families\/#breadcrumb"},"inLanguage":"en-US","potentialAction":[{"@type":"ReadAction","target":["https:\/\/www.bellevue-mediation.ch\/en\/mediation-for-couples-and-families\/"]}]},{"@type":"BreadcrumbList","@id":"https:\/\/www.bellevue-mediation.ch\/en\/mediation-for-couples-and-families\/#breadcrumb","itemListElement":[{"@type":"ListItem","position":1,"name":"Home","item":"https:\/\/www.bellevue-mediation.ch\/en\/"},{"@type":"ListItem","position":2,"name":"( Mediation for Couples and Families )"}]},{"@type":"WebSite","@id":"https:\/\/www.bellevue-mediation.ch\/en\/#website","url":"https:\/\/www.bellevue-mediation.ch\/en\/","name":"Bellevue Mediation","description":"Verhandeln \u2013\u00a0Ver\u00e4ndern \u2013 L\u00f6sen","publisher":{"@id":"https:\/\/www.bellevue-mediation.ch\/en\/#organization"},"potentialAction":[{"@type":"SearchAction","target":{"@type":"EntryPoint","urlTemplate":"https:\/\/www.bellevue-mediation.ch\/en\/?s={search_term_string}"},"query-input":{"@type":"PropertyValueSpecification","valueRequired":true,"valueName":"search_term_string"}}],"inLanguage":"en-US"},{"@type":"Organization","@id":"https:\/\/www.bellevue-mediation.ch\/en\/#organization","name":"Bellevue Mediation","url":"https:\/\/www.bellevue-mediation.ch\/en\/","logo":{"@type":"ImageObject","inLanguage":"en-US","@id":"https:\/\/www.bellevue-mediation.ch\/en\/#\/schema\/logo\/image\/","url":"https:\/\/www.bellevue-mediation.ch\/wp-content\/uploads\/Bellevue_Mediation_Logo_800px.png","contentUrl":"https:\/\/www.bellevue-mediation.ch\/wp-content\/uploads\/Bellevue_Mediation_Logo_800px.png","width":800,"height":142,"caption":"Bellevue Mediation"},"image":{"@id":"https:\/\/www.bellevue-mediation.ch\/en\/#\/schema\/logo\/image\/"}}]}},"_links":{"self":[{"href":"https:\/\/www.bellevue-mediation.ch\/en\/wp-json\/wp\/v2\/pages\/442","targetHints":{"allow":["GET"]}}],"collection":[{"href":"https:\/\/www.bellevue-mediation.ch\/en\/wp-json\/wp\/v2\/pages"}],"about":[{"href":"https:\/\/www.bellevue-mediation.ch\/en\/wp-json\/wp\/v2\/types\/page"}],"author":[{"embeddable":true,"href":"https:\/\/www.bellevue-mediation.ch\/en\/wp-json\/wp\/v2\/users\/2"}],"replies":[{"embeddable":true,"href":"https:\/\/www.bellevue-mediation.ch\/en\/wp-json\/wp\/v2\/comments?post=442"}],"version-history":[{"count":2,"href":"https:\/\/www.bellevue-mediation.ch\/en\/wp-json\/wp\/v2\/pages\/442\/revisions"}],"predecessor-version":[{"id":1285,"href":"https:\/\/www.bellevue-mediation.ch\/en\/wp-json\/wp\/v2\/pages\/442\/revisions\/1285"}],"wp:attachment":[{"href":"https:\/\/www.bellevue-mediation.ch\/en\/wp-json\/wp\/v2\/media?parent=442"}],"curies":[{"name":"wp","href":"https:\/\/api.w.org\/{rel}","templated":true}]}}