{"id":96,"date":"2018-01-30T11:53:32","date_gmt":"2018-01-30T10:53:32","guid":{"rendered":"http:\/\/new.bellevue-mediation.ch\/trainings-und-schulungen\/"},"modified":"2026-01-25T19:06:46","modified_gmt":"2026-01-25T18:06:46","slug":"weiterbildung-trainings","status":"publish","type":"page","link":"https:\/\/www.bellevue-mediation.ch\/de\/angebot\/weiterbildung-trainings\/","title":{"rendered":"Weiterbildung &#038; Trainings"},"content":{"rendered":"<p><div class=\"et_d4_element et_pb_section et_pb_section_0 bm-header-section et_pb_with_background  et_pb_css_mix_blend_mode et_pb_fullwidth_section et_section_regular et_block_section\" >\n\t\t\t\t\n\t\t\t\t\n\t\t\t\t\n\t\t\t\t\n\t\t\t\t\n\t\t\t\t\n\t\t\t\t<section class=\"et_pb_module et_d4_element et_pb_fullwidth_header et_pb_fullwidth_header_0 bm-header-module  et_pb_css_mix_blend_mode et_pb_text_align_left et_pb_bg_layout_dark\">\n\t\t\t\t\n\t\t\t\t\n\t\t\t\t\n\t\t\t\t\n\t\t\t\t<div class=\"et_pb_fullwidth_header_container left\">\n\t\t\t\t\t<div class=\"header-content-container center\">\n\t\t\t\t\t<div class=\"header-content\">\n\t\t\t\t\t\t\n\t\t\t\t\t\t<h1 class=\"et_pb_module_header\">Weiterbildung & Trainings<\/h1>\n\t\t\t\t\t\t\n\t\t\t\t\t\t<div class=\"et_pb_header_content_wrapper\"><\/div>\n\t\t\t\t\t\t\n\t\t\t\t\t<\/div>\n\t\t\t\t<\/div>\n\t\t\t\t\t\n\t\t\t\t<\/div>\n\t\t\t\t<div class=\"et_pb_fullwidth_header_overlay\"><\/div>\n\t\t\t\t<div class=\"et_pb_fullwidth_header_scroll\"><\/div>\n\t\t\t<\/section>\n\t\t\t\t\n\t\t\t\t\n\t\t\t<\/div><div class=\"et_d4_element et_pb_section et_pb_section_1  et_pb_css_mix_blend_mode et_section_regular et_block_section\" >\n\t\t\t\t\n\t\t\t\t\n\t\t\t\t\n\t\t\t\t\n\t\t\t\t\n\t\t\t\t\n\t\t\t\t<div class=\"et_d4_element et_pb_row et_pb_row_0  et_pb_css_mix_blend_mode et_block_row\">\n\t\t\t\t<div class=\"et_d4_element et_pb_column_1_2 et_pb_column et_pb_column_0  et_pb_css_mix_blend_mode et_block_column\">\n\t\t\t\t\n\t\t\t\t\n\t\t\t\t\n\t\t\t\t\n\t\t\t\t<div class=\"et_pb_module et_d4_element et_pb_text et_pb_text_0  et_pb_text_align_left et_pb_bg_layout_light\">\n\t\t\t\t\n\t\t\t\t\n\t\t\t\t\n\t\t\t\t\n\t\t\t\t<div class=\"et_pb_text_inner\"><p>Seminar<\/p>\n<h2>Mediationsverfahren: In Kontakt mit den Parteien<\/h2>\n<p><strong>5. M\u00e4rz 2026 (8 Weiterbildungs-Credits)<\/strong><\/p>\n<p>Rechtliche und \u00f6konomische Aspekte spielen in der Konfliktbearbeitung eine wichtige Rolle \u2013 doch sie allein l\u00f6sen keinen Konflikt. Entscheidend ist, wie nahe die Mediationsperson an die Parteien kommt und ob echter Kontakt entsteht.<\/p>\n<p>Mediation lebt von Beziehung. Vertrauen, Pr\u00e4senz und das Gesp\u00fcr f\u00fcr individuelle Fairnessvorstellungen bestimmen, ob Parteien sich \u00f6ffnen und beweglich werden. Menschen verhandeln nicht nur rational, sondern aus ihren pers\u00f6nlichen Wahrnehmungen, Emotionen und \u00dcberzeugungen heraus.<\/p>\n<p>Dieses Seminar stellt den Kontaktaufbau ins Zentrum: Wie gelingt es, Verbindung herzustellen, N\u00e4he zuzulassen und durch Haltung und Kommunikation wirksam Einfluss auf die Sichtweisen der Medianden zu nehmen?<\/p>\n<p><a href=\"https:\/\/www.bellevue-mediation.ch\/wp-content\/uploads\/In_Kontakt_mit_den_Parteien_2026-03-05.pdf\" rel=\"attachment wp-att-1538\">Flyer<\/a><\/p><\/div>\n\t\t\t<\/div><div class=\"et_pb_module et_d4_element et_pb_text et_pb_text_1  et_pb_text_align_left et_pb_bg_layout_light\">\n\t\t\t\t\n\t\t\t\t\n\t\t\t\t\n\t\t\t\t\n\t\t\t\t<div class=\"et_pb_text_inner\"><p>Webinar<\/p>\n<h2>Worum geht es eigentlich in unserem Job als MediatorInnen?<\/h2>\n<p><strong>22. September 2026 (3 Weiterbildungsstunden\/4 Weiterbildungs-Credits)<\/strong><\/p>\n<ul>\n<li>Welche F\u00e4higkeiten sind wichtig, um im Markt als MediatorIn gut anzukommen?<\/li>\n<li>Welche F\u00e4higkeiten sind wichtig, um als MediatorIn einen guten Job zu machen?<\/li>\n<li>Welchen Stellenwert haben Ethikthemen? Etc.<\/li>\n<\/ul><\/div>\n\t\t\t<\/div>\n\t\t\t<\/div><div class=\"et_d4_element et_pb_column_1_2 et_pb_column et_pb_column_1  et_pb_css_mix_blend_mode et-last-child et_block_column\">\n\t\t\t\t\n\t\t\t\t\n\t\t\t\t\n\t\t\t\t\n\t\t\t\t<div class=\"et_pb_module et_d4_element et_pb_text et_pb_text_2  et_pb_text_align_left et_pb_bg_layout_light\">\n\t\t\t\t\n\t\t\t\t\n\t\t\t\t\n\t\t\t\t\n\t\t\t\t<div class=\"et_pb_text_inner\"><p>Seminar<\/p>\n<h2>Konfliktmanagement &amp; Verhandeln f\u00fcr Rechtsanw\u00e4lte<\/h2>\n<p><strong>29.\/30. September 2026 (11 Weiterbildungs-Credits)<\/strong><\/p>\n<p>Verhandlungskompetenz und pers\u00f6nliche Souver\u00e4nit\u00e4t:<\/p>\n<ul>\n<li>Sie lernen, mit emotionalen Situationen umzugehen<\/li>\n<li>Konfliktbeilegungsgespr\u00e4ch gewinnbringend strukturieren<\/li>\n<li>Sie nehmen bewusst auf Ihr eigenes Verhalten Einfluss.<\/li>\n<\/ul><\/div>\n\t\t\t<\/div><div class=\"et_pb_module et_d4_element et_pb_text et_pb_text_3  et_pb_text_align_left et_pb_bg_layout_light\">\n\t\t\t\t\n\t\t\t\t\n\t\t\t\t\n\t\t\t\t\n\t\t\t\t<div class=\"et_pb_text_inner\"><p>Seminar<\/p>\n<h2>Konfliktbew\u00e4ltigung und innere St\u00e4rke<\/h2>\n<p><strong>6. November 2026 (8 Weiterbildungs-Credits)<\/strong><\/p>\n<ul>\n<li>Was hat mein Konflikt mit mir zu tun?<\/li>\n<li>Was l\u00f6st Abwehrreflexe bei mir aus?<\/li>\n<li>Selbstkl\u00e4rung und Selbstst\u00e4rkung<\/li>\n<\/ul><\/div>\n\t\t\t<\/div><div class=\"et_pb_module et_d4_element et_pb_text et_pb_text_4  et_pb_text_align_left et_pb_bg_layout_light\">\n\t\t\t\t\n\t\t\t\t\n\t\t\t\t\n\t\t\t\t\n\t\t\t\t<div class=\"et_pb_text_inner\"><p>Seminar<\/p>\n<h2>Mediation von Forderungsstreitigkeiten<\/h2>\n<p><strong>24.\/25. November 2026 (16 Weiterbildungs-Credits)<\/strong><\/p>\n<p>Immer mehr Unternehmen erkennen den Wert, Forderungsstreitigkeiten vor Einleitung eines gerichtlichen oder schiedsgerichtlichen Verfahrens mit einem Mediationsverfahren beizulegen. In dieser Situation erweist sich die Methode der Shuttle Mediation als ausgezeichnetes Werkzeug. In diesem Seminar lernen Sie, wie Sie den Parteien dabei helfen, sich im quasi Nullsummen-System zu einigen.<\/p><\/div>\n\t\t\t<\/div>\n\t\t\t<\/div>\n\t\t\t\t\n\t\t\t\t\n\t\t\t\t\n\t\t\t\t\n\t\t\t<\/div><div class=\"et_d4_element et_pb_row et_pb_row_1  et_pb_css_mix_blend_mode et_block_row\">\n\t\t\t\t<div class=\"et_d4_element et_pb_column_4_4 et_pb_column et_pb_column_2  et_pb_css_mix_blend_mode et-last-child et_block_column\">\n\t\t\t\t\n\t\t\t\t\n\t\t\t\t\n\t\t\t\t\n\t\t\t\t<div class=\"et_pb_module et_d4_element et_pb_text et_pb_text_5  et_pb_text_align_left et_pb_bg_layout_light\">\n\t\t\t\t\n\t\t\t\t\n\t\t\t\t\n\t\t\t\t\n\t\t\t\t<div class=\"et_pb_text_inner\"><p>Wir bieten Ihnen gerne massgeschneiderte Seminare in den Bereichen Verhandlung, Kommunikation, Konfliktmanagement und Mediation an.<\/p><\/div>\n\t\t\t<\/div>\n\t\t\t<\/div>\n\t\t\t\t\n\t\t\t\t\n\t\t\t\t\n\t\t\t\t\n\t\t\t<\/div>\n\t\t\t\t\n\t\t\t\t\n\t\t\t<\/div><\/p>\n","protected":false},"excerpt":{"rendered":"","protected":false},"author":2,"featured_media":0,"parent":1118,"menu_order":12,"comment_status":"closed","ping_status":"closed","template":"","meta":{"_et_pb_use_builder":"on","_et_pb_old_content":"Mediations-Praktikum in den USA\r\n26.\u201330. M\u00e4rz 2018\r\nJetzt anmelden!\r\n\r\nDas einzigartige Mediationspraktikum gibt Ihnen die Gelegenheit, echte Mediationsf\u00e4lle unterschiedlicher Natur als Beobachter oder als Co-Mediator zu begleiten. Nicht nur k\u00f6nnen Sie damit Ihre Mediatons-Praxis erweitern, sondern Sie lernen auch verschiedene Mediationsstile kennen. Die bisherigen Teilnehmer waren ausnahmslos begeistert von der Erfahrung und dem gesamten Erlebnis.\r\n\r\nAls Weiterbildung vom SAV \/ SDM \/ SKWM anerkannt.\r\n\r\nDownload Flyer (pdf)\r\n\r\nSeminar:\r\nMediation von Forderungsstreitigkeiten\r\nN\u00e4chste Durchf\u00fchrung 17.\u201318. September 2018\r\n\r\nImmer mehr Unternehmen erkennen den Wert, Forderungsstreitigkeiten vor Einleitung eines gerichtlichen oder schiedsgerichtlichen Verfahrens mit einem Mediationsverfahren beizulegen. In dieser Situation erweist sich die Methode der Shuttle Mediation als ausgezeichnetes Werkzeug. In diesem Seminar lernen Sie, wie Sie den Parteien dabei helfen, sich im quasi Nullsummen-System zu einigen.\r\n\r\nAls Weiterbildung vom SAV \/ SDM \/ SKWM anerkannt.\r\n\r\nDownload Flyer (pdf)\r\n\r\nMeditation &amp; Mediation\r\n\r\nDownload Flyer (pdf)\r\n\r\nWir offerieren massgeschneiderte In-house Seminare. Hier ein paar Beispiele:\r\n\r\nEinf\u00fchrungsseminar in Mediation\r\n\r\n\u00b7 Idee und Grunds\u00e4tze der Mediation kennen lernen\r\n\u00b7 Einsatzgebiete kennen lernen oder ermitteln\r\n\u00b7 Formen der Streitvermeidung und der raschen Streiterledigung kennen lernen\r\n\u00b7 Rechtliche Rahmenbedingungen ber\u00fccksichtigen k\u00f6nnen\r\n\u00b7 Kommunikations- und Fragetechniken kennen lernen\r\n\r\nAls Weiterbildung vom SAV \/ SDM \/ SKWM anerkannt.\r\n\r\nSeminar in Verhandlungstechniken\r\n\r\n\u00b7 Verhandlungsstrategien kennen lernen und ein\u00fcben\r\n\u00b7 Spannungsverh\u00e4ltnisse zwischen kooperativem und kompetitivem Verhandeln kennen lernen\r\n\u00b7 Vorbereiten von Verhandlungen\r\n\u00b7 Anwendung der Verhandlungsprinzipien\r\n\u00b7 Umgang mit Vertragspartnern im Konflikt\r\n\r\nAls Weiterbildung vom SAV \/ SDM \/ SKWM anerkannt.\r\n\r\nSeminar in Konfliktmanagement f\u00fcr F\u00fchrungskr\u00e4fte\r\n\r\nDie Teilnehmer werden sensibilisiert, die richtigen Schritte zu w\u00e4hlen, um Konflikte anzusprechen und zu bereinigen. Sie lernen den Konflikt als eine Herausforderung und Chance zu erkennen. Sie verstehen den Streitbeilegungsprozess und sammeln Erfahrungen mit deren Durchf\u00fchrung. Sie erhalten die Kompetenz, eigene Konflikte bewusst anzugehen und verm\u00f6gen damit durch pers\u00f6nliche Souver\u00e4nit\u00e4t die eigene nat\u00fcrliche Autorit\u00e4t zu st\u00e4rken.\r\n\r\nSeminar in der F\u00fchrung von schwierigen Gespr\u00e4chen\r\n\r\nSie k\u00f6nnen lernen, sich auf schwierige Gespr\u00e4che gut vorzubereiten und worauf zu achten ist, wenn heikle Punkte angesprochen werden m\u00fcssen, so dass Ihr Gegen\u00fcber keine Abwehrhaltung einzunehmen braucht. Bei einem gut gef\u00fchrten Gespr\u00e4ch f\u00fchlt sich Ihr Gespr\u00e4chspartners ernstgenommen. Er h\u00f6rt Ihnen zu, bringt seine Anliegen respektvoll ein und ist motiviert, mit Ihnen zu kooperieren.\r\n\r\nWir passen unsere Seminare Ihren Bed\u00fcrfnissen und Anforderungen an, besprechen den Rahmen und Inhalt der Ausbildungsg\u00e4nge gerne mit Ihnen pers\u00f6nlich und erstellen eine entsprechende Offerte.\r\n\r\nAls Weiterbildung vom SAV \/ SDM \/ SKWM anerkannt.","_et_gb_content_width":"","footnotes":""},"class_list":["post-96","page","type-page","status-publish","hentry"],"yoast_head":"<!-- This site is optimized with the Yoast SEO plugin v27.5 - https:\/\/yoast.com\/product\/yoast-seo-wordpress\/ -->\n<title>Weiterbildung &amp; Trainings &#8211; Bellevue Mediation<\/title>\n<meta name=\"robots\" content=\"index, follow, max-snippet:-1, max-image-preview:large, max-video-preview:-1\" \/>\n<link rel=\"canonical\" href=\"https:\/\/www.bellevue-mediation.ch\/de\/angebot\/weiterbildung-trainings\/\" \/>\n<meta property=\"og:locale\" content=\"de_DE\" \/>\n<meta property=\"og:type\" content=\"article\" \/>\n<meta property=\"og:title\" content=\"Weiterbildung &amp; Trainings &#8211; Bellevue Mediation\" \/>\n<meta property=\"og:url\" content=\"https:\/\/www.bellevue-mediation.ch\/de\/angebot\/weiterbildung-trainings\/\" \/>\n<meta property=\"og:site_name\" content=\"Bellevue Mediation\" \/>\n<meta property=\"article:modified_time\" content=\"2026-01-25T18:06:46+00:00\" \/>\n<meta name=\"twitter:card\" content=\"summary_large_image\" \/>\n<meta name=\"twitter:label1\" content=\"Gesch\u00e4tzte Lesezeit\" \/>\n\t<meta name=\"twitter:data1\" content=\"2\u00a0Minuten\" \/>\n<script type=\"application\/ld+json\" class=\"yoast-schema-graph\">{\"@context\":\"https:\\\/\\\/schema.org\",\"@graph\":[{\"@type\":\"WebPage\",\"@id\":\"https:\\\/\\\/www.bellevue-mediation.ch\\\/de\\\/angebot\\\/weiterbildung-trainings\\\/\",\"url\":\"https:\\\/\\\/www.bellevue-mediation.ch\\\/de\\\/angebot\\\/weiterbildung-trainings\\\/\",\"name\":\"Weiterbildung & Trainings &#8211; Bellevue Mediation\",\"isPartOf\":{\"@id\":\"https:\\\/\\\/www.bellevue-mediation.ch\\\/de\\\/#website\"},\"datePublished\":\"2018-01-30T10:53:32+00:00\",\"dateModified\":\"2026-01-25T18:06:46+00:00\",\"breadcrumb\":{\"@id\":\"https:\\\/\\\/www.bellevue-mediation.ch\\\/de\\\/angebot\\\/weiterbildung-trainings\\\/#breadcrumb\"},\"inLanguage\":\"de-CH\",\"potentialAction\":[{\"@type\":\"ReadAction\",\"target\":[\"https:\\\/\\\/www.bellevue-mediation.ch\\\/de\\\/angebot\\\/weiterbildung-trainings\\\/\"]}]},{\"@type\":\"BreadcrumbList\",\"@id\":\"https:\\\/\\\/www.bellevue-mediation.ch\\\/de\\\/angebot\\\/weiterbildung-trainings\\\/#breadcrumb\",\"itemListElement\":[{\"@type\":\"ListItem\",\"position\":1,\"name\":\"Home\",\"item\":\"https:\\\/\\\/www.bellevue-mediation.ch\\\/de\\\/\"},{\"@type\":\"ListItem\",\"position\":2,\"name\":\"Angebot\",\"item\":\"https:\\\/\\\/www.bellevue-mediation.ch\\\/de\\\/angebot\\\/\"},{\"@type\":\"ListItem\",\"position\":3,\"name\":\"Weiterbildung &#038; Trainings\"}]},{\"@type\":\"WebSite\",\"@id\":\"https:\\\/\\\/www.bellevue-mediation.ch\\\/de\\\/#website\",\"url\":\"https:\\\/\\\/www.bellevue-mediation.ch\\\/de\\\/\",\"name\":\"Bellevue Mediation\",\"description\":\"Verhandeln \u2013\u00a0Ver\u00e4ndern \u2013 L\u00f6sen\",\"publisher\":{\"@id\":\"https:\\\/\\\/www.bellevue-mediation.ch\\\/de\\\/#organization\"},\"potentialAction\":[{\"@type\":\"SearchAction\",\"target\":{\"@type\":\"EntryPoint\",\"urlTemplate\":\"https:\\\/\\\/www.bellevue-mediation.ch\\\/de\\\/?s={search_term_string}\"},\"query-input\":{\"@type\":\"PropertyValueSpecification\",\"valueRequired\":true,\"valueName\":\"search_term_string\"}}],\"inLanguage\":\"de-CH\"},{\"@type\":\"Organization\",\"@id\":\"https:\\\/\\\/www.bellevue-mediation.ch\\\/de\\\/#organization\",\"name\":\"Bellevue Mediation\",\"url\":\"https:\\\/\\\/www.bellevue-mediation.ch\\\/de\\\/\",\"logo\":{\"@type\":\"ImageObject\",\"inLanguage\":\"de-CH\",\"@id\":\"https:\\\/\\\/www.bellevue-mediation.ch\\\/de\\\/#\\\/schema\\\/logo\\\/image\\\/\",\"url\":\"https:\\\/\\\/www.bellevue-mediation.ch\\\/wp-content\\\/uploads\\\/Bellevue_Mediation_Logo_800px.png\",\"contentUrl\":\"https:\\\/\\\/www.bellevue-mediation.ch\\\/wp-content\\\/uploads\\\/Bellevue_Mediation_Logo_800px.png\",\"width\":800,\"height\":142,\"caption\":\"Bellevue Mediation\"},\"image\":{\"@id\":\"https:\\\/\\\/www.bellevue-mediation.ch\\\/de\\\/#\\\/schema\\\/logo\\\/image\\\/\"}}]}<\/script>\n<!-- \/ Yoast SEO plugin. -->","yoast_head_json":{"title":"Weiterbildung & Trainings &#8211; Bellevue Mediation","robots":{"index":"index","follow":"follow","max-snippet":"max-snippet:-1","max-image-preview":"max-image-preview:large","max-video-preview":"max-video-preview:-1"},"canonical":"https:\/\/www.bellevue-mediation.ch\/de\/angebot\/weiterbildung-trainings\/","og_locale":"de_DE","og_type":"article","og_title":"Weiterbildung & Trainings &#8211; Bellevue Mediation","og_url":"https:\/\/www.bellevue-mediation.ch\/de\/angebot\/weiterbildung-trainings\/","og_site_name":"Bellevue Mediation","article_modified_time":"2026-01-25T18:06:46+00:00","twitter_card":"summary_large_image","twitter_misc":{"Gesch\u00e4tzte Lesezeit":"2\u00a0Minuten"},"schema":{"@context":"https:\/\/schema.org","@graph":[{"@type":"WebPage","@id":"https:\/\/www.bellevue-mediation.ch\/de\/angebot\/weiterbildung-trainings\/","url":"https:\/\/www.bellevue-mediation.ch\/de\/angebot\/weiterbildung-trainings\/","name":"Weiterbildung & Trainings &#8211; Bellevue Mediation","isPartOf":{"@id":"https:\/\/www.bellevue-mediation.ch\/de\/#website"},"datePublished":"2018-01-30T10:53:32+00:00","dateModified":"2026-01-25T18:06:46+00:00","breadcrumb":{"@id":"https:\/\/www.bellevue-mediation.ch\/de\/angebot\/weiterbildung-trainings\/#breadcrumb"},"inLanguage":"de-CH","potentialAction":[{"@type":"ReadAction","target":["https:\/\/www.bellevue-mediation.ch\/de\/angebot\/weiterbildung-trainings\/"]}]},{"@type":"BreadcrumbList","@id":"https:\/\/www.bellevue-mediation.ch\/de\/angebot\/weiterbildung-trainings\/#breadcrumb","itemListElement":[{"@type":"ListItem","position":1,"name":"Home","item":"https:\/\/www.bellevue-mediation.ch\/de\/"},{"@type":"ListItem","position":2,"name":"Angebot","item":"https:\/\/www.bellevue-mediation.ch\/de\/angebot\/"},{"@type":"ListItem","position":3,"name":"Weiterbildung &#038; Trainings"}]},{"@type":"WebSite","@id":"https:\/\/www.bellevue-mediation.ch\/de\/#website","url":"https:\/\/www.bellevue-mediation.ch\/de\/","name":"Bellevue Mediation","description":"Verhandeln \u2013\u00a0Ver\u00e4ndern \u2013 L\u00f6sen","publisher":{"@id":"https:\/\/www.bellevue-mediation.ch\/de\/#organization"},"potentialAction":[{"@type":"SearchAction","target":{"@type":"EntryPoint","urlTemplate":"https:\/\/www.bellevue-mediation.ch\/de\/?s={search_term_string}"},"query-input":{"@type":"PropertyValueSpecification","valueRequired":true,"valueName":"search_term_string"}}],"inLanguage":"de-CH"},{"@type":"Organization","@id":"https:\/\/www.bellevue-mediation.ch\/de\/#organization","name":"Bellevue Mediation","url":"https:\/\/www.bellevue-mediation.ch\/de\/","logo":{"@type":"ImageObject","inLanguage":"de-CH","@id":"https:\/\/www.bellevue-mediation.ch\/de\/#\/schema\/logo\/image\/","url":"https:\/\/www.bellevue-mediation.ch\/wp-content\/uploads\/Bellevue_Mediation_Logo_800px.png","contentUrl":"https:\/\/www.bellevue-mediation.ch\/wp-content\/uploads\/Bellevue_Mediation_Logo_800px.png","width":800,"height":142,"caption":"Bellevue Mediation"},"image":{"@id":"https:\/\/www.bellevue-mediation.ch\/de\/#\/schema\/logo\/image\/"}}]}},"_links":{"self":[{"href":"https:\/\/www.bellevue-mediation.ch\/de\/wp-json\/wp\/v2\/pages\/96","targetHints":{"allow":["GET"]}}],"collection":[{"href":"https:\/\/www.bellevue-mediation.ch\/de\/wp-json\/wp\/v2\/pages"}],"about":[{"href":"https:\/\/www.bellevue-mediation.ch\/de\/wp-json\/wp\/v2\/types\/page"}],"author":[{"embeddable":true,"href":"https:\/\/www.bellevue-mediation.ch\/de\/wp-json\/wp\/v2\/users\/2"}],"replies":[{"embeddable":true,"href":"https:\/\/www.bellevue-mediation.ch\/de\/wp-json\/wp\/v2\/comments?post=96"}],"version-history":[{"count":21,"href":"https:\/\/www.bellevue-mediation.ch\/de\/wp-json\/wp\/v2\/pages\/96\/revisions"}],"predecessor-version":[{"id":14269,"href":"https:\/\/www.bellevue-mediation.ch\/de\/wp-json\/wp\/v2\/pages\/96\/revisions\/14269"}],"up":[{"embeddable":true,"href":"https:\/\/www.bellevue-mediation.ch\/de\/wp-json\/wp\/v2\/pages\/1118"}],"wp:attachment":[{"href":"https:\/\/www.bellevue-mediation.ch\/de\/wp-json\/wp\/v2\/media?parent=96"}],"curies":[{"name":"wp","href":"https:\/\/api.w.org\/{rel}","templated":true}]}}