{"id":55,"date":"2018-01-30T11:24:07","date_gmt":"2018-01-30T10:24:07","guid":{"rendered":"http:\/\/new.bellevue-mediation.ch\/unsere-mitglieder\/james-t-peter\/"},"modified":"2026-04-15T17:00:16","modified_gmt":"2026-04-15T15:00:16","slug":"james-t-peter","status":"publish","type":"page","link":"https:\/\/www.bellevue-mediation.ch\/de\/wir-ueber-uns\/james-t-peter\/","title":{"rendered":"James T. Peter"},"content":{"rendered":"<div class=\"et_pb_section_0 et_pb_section et_pb_fullwidth_section et_section_regular et_block_section bm-header-section\">\n<section class=\"et_pb_fullwidth_header_0 et_pb_fullwidth_header et_pb_bg_layout_dark et_pb_text_align_left et_pb_module et_flex_module bm-header-module\"><div class=\"et_pb_fullwidth_header_container left\"><div class=\"header-content-container center\"><div class=\"header-content et_flex_module\"><h1 class=\"et_pb_module_header\">James T. Peter<\/h1><div class=\"et_pb_header_button_wrapper\"><\/div><\/div><\/div><\/div><div class=\"et_pb_fullwidth_header_overlay\"><\/div><div class=\"et_pb_fullwidth_header_scroll\"><\/div><\/section>\n<\/div>\n\n<div class=\"et_pb_section_1 et_pb_section et_section_regular et_block_section\">\n<div class=\"et_pb_row_0 et_pb_row et_block_row\">\n<div class=\"et_pb_column_0 et_pb_column et_pb_column_1_3 et_block_column et_pb_css_mix_blend_mode_passthrough\">\n<div class=\"et_pb_image_0 et_pb_image et_pb_module et_block_module\"><span class=\"et_pb_image_wrap\"><img loading=\"lazy\" decoding=\"async\" src=\"https:\/\/www.bellevue-mediation.ch\/wp-content\/uploads\/James_T_Peter_800x800.jpg\" width=\"800\" height=\"800\" srcset=\"https:\/\/www.bellevue-mediation.ch\/wp-content\/uploads\/James_T_Peter_800x800.jpg 800w, https:\/\/www.bellevue-mediation.ch\/wp-content\/uploads\/James_T_Peter_800x800-480x480.jpg 480w\" sizes=\"(min-width: 0px) and (max-width: 480px) 480px, (min-width: 481px) 800px, 100vw\" class=\"wp-image-684\" \/><\/span><\/div>\n\n<div class=\"et_pb_text_0 et_pb_text et_pb_bg_layout_light et_pb_module et_block_module\"><div class=\"et_pb_text_inner\"><p>Mediator SAV\/SKWM, Dr. iur., Rechtsanwalt, LL.M.<br \/>\nTel. +41 43 344 32 64<\/p>\n<p><strong><a href=\"mailto:peter@bellevue-mediation.ch\">peter@bellevue-mediation.ch<\/a><\/strong><\/p>\n<\/div><\/div>\n\n<div class=\"et_pb_text_1 et_pb_text et_pb_bg_layout_light et_pb_module et_block_module\"><div class=\"et_pb_text_inner\"><h2>Werdegang<\/h2>\n<ul>\n<li>Mitgr\u00fcnder und Partner Bellevue Mediation seit 2001<\/li>\n<li>Selbst\u00e4ndiger Rechtsanwalt seit 1999 (heute <a href=\"http:\/\/www.ksup.ch\" target=\"_blank\" rel=\"noopener noreferrer\">Krepper Spring Partner<\/a>)<\/li>\n<li>Mediator am Dispute Resolution Center, Austin TX (1997)<\/li>\n<li>Dozent\/Ausbildner in Mediation, Konfliktmanagement, Kommunikation und Verhandeln: ZHAW, Universit\u00e4t Luzern, Universit\u00e4t Z\u00fcrich, Universit\u00e4t St. Gallen, Kalaidos FH\/STI<\/li>\n<\/ul>\n<\/div><\/div>\n<\/div>\n\n<div class=\"et_pb_column_1 et_pb_column et_pb_column_1_3 et_block_column et_pb_css_mix_blend_mode_passthrough\">\n<div class=\"et_pb_text_2 et_pb_text et_pb_bg_layout_light et_pb_module et_block_module\"><div class=\"et_pb_text_inner\"><h2>Thematische Schwerpunkte und Erfahrungsbereich in Mediation<\/h2>\n<ul>\n<li>Strittige Forderungen, konfliktbeladene Partnerschaften, kriselnde Projekte, Projektbegleitung, belastete Joint Ventures in Branchen\/Bereichen wie z.B.\n<ul>\n<li>Handel &amp; Industrie<\/li>\n<li>Immobilien<\/li>\n<li>Pharma (Life Science) &amp; Gesundheitswesen<\/li>\n<li>Informationstechnologie<\/li>\n<li>Finanzwesen<\/li>\n<\/ul>\n<\/li>\n<li>Innerbetriebliche Mediation:\n<ul>\n<li>Zwischen leitenden F\u00fchrungspersonen<\/li>\n<li>F\u00fchrungsgremien<\/li>\n<li>Teams<\/li>\n<li>Inhabern<\/li>\n<li>Mitarbeitern<\/li>\n<\/ul>\n<\/li>\n<li>Erbschaftsstreitigkeiten &amp; Unternehmensnachfolge<\/li>\n<li>Unternehmensinterne Konfliktmanagement-Konzepte (System Design) (z.B. Kinderspital Z\u00fcrich, Kantonsspital Graub\u00fcnden)<\/li>\n<li>Transaktionsbegleitung (Deal Mediation &amp; Verhandlungsbegleitung)<\/li>\n<\/ul>\n<ul><\/ul>\n<h2>Mitgliedschaften<\/h2>\n<ul>\n<li>Schweizer Kammer f\u00fcr Wirtschaftsmediation (SKWM) (ehem. Pr\u00e4sident)<\/li>\n<li>International Academy of Mediators (IAM) (Distinguished Fellow sowie ehem. Vorstandsmitglied)<\/li>\n<li>Institut f\u00fcr Mediation (IfM)<\/li>\n<li>American Bar Association, Section Dispute Resolution (ABA)<\/li>\n<li>Schweizerischer und Z\u00fcrcher Anwaltsverband (SAV \/ ZAV)<\/li>\n<\/ul>\n<\/div><\/div>\n<\/div>\n\n<div class=\"et_pb_column_2 et_pb_column et_pb_column_1_3 et-last-child et_block_column et_pb_css_mix_blend_mode_passthrough\">\n<div class=\"et_pb_text_3 et_pb_text et_pb_bg_layout_light et_pb_module et_block_module\"><div class=\"et_pb_text_inner\"><h2>\u00a0Publikationen zur Mediation<\/h2>\n<ul>\n<li>Daniel Girsberger\/James Peter, Aussergerichtliche Konfliktl\u00f6sung, 2. Aufl., Z\u00fcrich 2026<\/li>\n<li>Nicole B\u00fchler\/James T. Peter, Konfliktmanagement in der Familieninternen Unternehmensnachfolge, Expert Focus Treuhand, M\u00e4rz 2026<\/li>\n<li>James Peter, Berner Kommentar, Schweizerische Zivilprozessordnung, 2. Aufl., 2026, Art. 19, 20, 29, 30, 197-199, 213-218<\/li>\n<li>Cipriano Alverez\/James Peter, Berner Kommentar, Schweizerische Zivilprozessordnung, 2. Aufl., 2026, Art. 200-212<\/li>\n<li>James Peter, Freiwilligkeit und Mediationsklauseln, Perspektive Mediation, 2025\/3, S. 197 ff.<\/li>\n<li>Anne-Karin Grill\/James T. Peter\/Erik Sch\u00e4fer, Alternative Streitbeilegungsverfahren, in: H. Torggler et all (Hrsg), Schiedsgerichtsbarkeit, 3. Aufl., 2024, 32 ff.<\/li>\n<li>Dos &amp; Don\u2019ts f\u00fcr Rechtsanw\u00e4lte in der Mediation, Zeitschrift f\u00fcr Zivilprozess und Zwangsvollstreckungsrecht (ZZZ), 2021, 550 ff.<\/li>\n<li>Daniel Girsberger\/James T. Peter, Aussergerichtliche Konfliktl\u00f6sung, Z\u00fcrich 2019<\/li>\n<li><a href=\"\/wp-content\/uploads\/Bin_ich_kompetent_James_Peter_Praxis_Kommunikation_2016-04.pdf\">Bin ich kompetent? Beitrag zum pers\u00f6nlichen Konfliktmanagement, Praxis Kommunikation, 4\/2016, 50 ff.<\/a><\/li>\n<li>Berner Kommentar, Zivilprozessordnung, Art. 19, 20, 29, 30, 197-218, Bern 2012<\/li>\n<li>Mediation bei Forderungsstreitigkeiten, in HAVE Schlichten statt richten, Z\u00fcrich 2012, 35ff.<\/li>\n<li>Gerichtsnahe Wirtschaftsmediation: Ein Erfahrungsbericht, AnwaltsRevue 10\/2012, 464ff.<\/li>\n<li>Gerichtsnahe Mediation: Kommentar zur Mediation in der ZPO, Bern 2011<\/li>\n<li>\u00abMediation in der geplanten schweizerischen Zivilprozessordnung\u00bb, Perspektive Mediation, 2005\/2, S. 92 ff.<\/li>\n<li>\u00abDie Bedeutung unterschiedlicher Mediationsstile\u00bb, ZKM-Zeitschrift f\u00fcr Konfliktmanagement 2\/2005, S. 48 ff.<\/li>\n<li>\u00abMediation in der eidgen\u00f6ssischen ZPO\u00bb, AnwaltsRevue, 2\/2004, S. 42 ff.<\/li>\n<li>Interview: \u00abAnlageverlust: Der Mediator kann helfen\u00bb, Cash Nr. 16, 17. April 2003, S. 50 f.<\/li>\n<li>\u00abVom Umgang mit Konflikten bei IT-Projekten\u00bb, NZZ vom 24. September 2002, B10<\/li>\n<li>Co-Autor: \u00abMediationswochen am Bezirksgericht Z\u00fcrich (Schweiz)\u00bb, ZKM - Zeitschrift f\u00fcr Konfliktmanagement, April 2002<\/li>\n<li>\u00abMediation: Ein Verfahren zur \u00dcberwindung von Einigungshindernissen\u00bb, Aktuelle Juristische Praxis (AJP) 2000, S. 18 ff.<\/li>\n<li>\u00abMed-Arb in international Arbitration\u00bb, in: The American Review on International Arbitration, Vol. 8 No.1 1997<\/li>\n<\/ul>\n<\/div><\/div>\n<\/div>\n<\/div>\n<\/div>","protected":false},"excerpt":{"rendered":"","protected":false},"author":2,"featured_media":0,"parent":2,"menu_order":2,"comment_status":"closed","ping_status":"closed","template":"","meta":{"footnotes":""},"class_list":["post-55","page","type-page","status-publish","hentry"],"yoast_head":"<!-- This site is optimized with the Yoast SEO plugin v27.4 - https:\/\/yoast.com\/product\/yoast-seo-wordpress\/ -->\n<title>James T. Peter &#8211; Bellevue Mediation<\/title>\n<meta name=\"robots\" content=\"index, follow, max-snippet:-1, max-image-preview:large, max-video-preview:-1\" \/>\n<link rel=\"canonical\" href=\"https:\/\/www.bellevue-mediation.ch\/de\/wir-ueber-uns\/james-t-peter\/\" \/>\n<meta property=\"og:locale\" content=\"de_DE\" \/>\n<meta property=\"og:type\" content=\"article\" \/>\n<meta property=\"og:title\" content=\"James T. Peter &#8211; Bellevue Mediation\" \/>\n<meta property=\"og:url\" content=\"https:\/\/www.bellevue-mediation.ch\/de\/wir-ueber-uns\/james-t-peter\/\" \/>\n<meta property=\"og:site_name\" content=\"Bellevue Mediation\" \/>\n<meta property=\"article:modified_time\" content=\"2026-04-15T15:00:16+00:00\" \/>\n<meta name=\"twitter:card\" content=\"summary_large_image\" \/>\n<script type=\"application\/ld+json\" class=\"yoast-schema-graph\">{\"@context\":\"https:\\\/\\\/schema.org\",\"@graph\":[{\"@type\":\"WebPage\",\"@id\":\"https:\\\/\\\/www.bellevue-mediation.ch\\\/de\\\/wir-ueber-uns\\\/james-t-peter\\\/\",\"url\":\"https:\\\/\\\/www.bellevue-mediation.ch\\\/de\\\/wir-ueber-uns\\\/james-t-peter\\\/\",\"name\":\"James T. Peter &#8211; Bellevue Mediation\",\"isPartOf\":{\"@id\":\"https:\\\/\\\/www.bellevue-mediation.ch\\\/de\\\/#website\"},\"datePublished\":\"2018-01-30T10:24:07+00:00\",\"dateModified\":\"2026-04-15T15:00:16+00:00\",\"breadcrumb\":{\"@id\":\"https:\\\/\\\/www.bellevue-mediation.ch\\\/de\\\/wir-ueber-uns\\\/james-t-peter\\\/#breadcrumb\"},\"inLanguage\":\"de-CH\",\"potentialAction\":[{\"@type\":\"ReadAction\",\"target\":[\"https:\\\/\\\/www.bellevue-mediation.ch\\\/de\\\/wir-ueber-uns\\\/james-t-peter\\\/\"]}]},{\"@type\":\"BreadcrumbList\",\"@id\":\"https:\\\/\\\/www.bellevue-mediation.ch\\\/de\\\/wir-ueber-uns\\\/james-t-peter\\\/#breadcrumb\",\"itemListElement\":[{\"@type\":\"ListItem\",\"position\":1,\"name\":\"Home\",\"item\":\"https:\\\/\\\/www.bellevue-mediation.ch\\\/de\\\/\"},{\"@type\":\"ListItem\",\"position\":2,\"name\":\"Wir \u00fcber uns\",\"item\":\"https:\\\/\\\/www.bellevue-mediation.ch\\\/de\\\/wir-ueber-uns\\\/\"},{\"@type\":\"ListItem\",\"position\":3,\"name\":\"James T. Peter\"}]},{\"@type\":\"WebSite\",\"@id\":\"https:\\\/\\\/www.bellevue-mediation.ch\\\/de\\\/#website\",\"url\":\"https:\\\/\\\/www.bellevue-mediation.ch\\\/de\\\/\",\"name\":\"Bellevue Mediation\",\"description\":\"Verhandeln \u2013\u00a0Ver\u00e4ndern \u2013 L\u00f6sen\",\"publisher\":{\"@id\":\"https:\\\/\\\/www.bellevue-mediation.ch\\\/de\\\/#organization\"},\"potentialAction\":[{\"@type\":\"SearchAction\",\"target\":{\"@type\":\"EntryPoint\",\"urlTemplate\":\"https:\\\/\\\/www.bellevue-mediation.ch\\\/de\\\/?s={search_term_string}\"},\"query-input\":{\"@type\":\"PropertyValueSpecification\",\"valueRequired\":true,\"valueName\":\"search_term_string\"}}],\"inLanguage\":\"de-CH\"},{\"@type\":\"Organization\",\"@id\":\"https:\\\/\\\/www.bellevue-mediation.ch\\\/de\\\/#organization\",\"name\":\"Bellevue Mediation\",\"url\":\"https:\\\/\\\/www.bellevue-mediation.ch\\\/de\\\/\",\"logo\":{\"@type\":\"ImageObject\",\"inLanguage\":\"de-CH\",\"@id\":\"https:\\\/\\\/www.bellevue-mediation.ch\\\/de\\\/#\\\/schema\\\/logo\\\/image\\\/\",\"url\":\"https:\\\/\\\/www.bellevue-mediation.ch\\\/wp-content\\\/uploads\\\/Bellevue_Mediation_Logo_800px.png\",\"contentUrl\":\"https:\\\/\\\/www.bellevue-mediation.ch\\\/wp-content\\\/uploads\\\/Bellevue_Mediation_Logo_800px.png\",\"width\":800,\"height\":142,\"caption\":\"Bellevue Mediation\"},\"image\":{\"@id\":\"https:\\\/\\\/www.bellevue-mediation.ch\\\/de\\\/#\\\/schema\\\/logo\\\/image\\\/\"}}]}<\/script>\n<!-- \/ Yoast SEO plugin. -->","yoast_head_json":{"title":"James T. Peter &#8211; Bellevue Mediation","robots":{"index":"index","follow":"follow","max-snippet":"max-snippet:-1","max-image-preview":"max-image-preview:large","max-video-preview":"max-video-preview:-1"},"canonical":"https:\/\/www.bellevue-mediation.ch\/de\/wir-ueber-uns\/james-t-peter\/","og_locale":"de_DE","og_type":"article","og_title":"James T. Peter &#8211; Bellevue Mediation","og_url":"https:\/\/www.bellevue-mediation.ch\/de\/wir-ueber-uns\/james-t-peter\/","og_site_name":"Bellevue Mediation","article_modified_time":"2026-04-15T15:00:16+00:00","twitter_card":"summary_large_image","schema":{"@context":"https:\/\/schema.org","@graph":[{"@type":"WebPage","@id":"https:\/\/www.bellevue-mediation.ch\/de\/wir-ueber-uns\/james-t-peter\/","url":"https:\/\/www.bellevue-mediation.ch\/de\/wir-ueber-uns\/james-t-peter\/","name":"James T. Peter &#8211; Bellevue Mediation","isPartOf":{"@id":"https:\/\/www.bellevue-mediation.ch\/de\/#website"},"datePublished":"2018-01-30T10:24:07+00:00","dateModified":"2026-04-15T15:00:16+00:00","breadcrumb":{"@id":"https:\/\/www.bellevue-mediation.ch\/de\/wir-ueber-uns\/james-t-peter\/#breadcrumb"},"inLanguage":"de-CH","potentialAction":[{"@type":"ReadAction","target":["https:\/\/www.bellevue-mediation.ch\/de\/wir-ueber-uns\/james-t-peter\/"]}]},{"@type":"BreadcrumbList","@id":"https:\/\/www.bellevue-mediation.ch\/de\/wir-ueber-uns\/james-t-peter\/#breadcrumb","itemListElement":[{"@type":"ListItem","position":1,"name":"Home","item":"https:\/\/www.bellevue-mediation.ch\/de\/"},{"@type":"ListItem","position":2,"name":"Wir \u00fcber uns","item":"https:\/\/www.bellevue-mediation.ch\/de\/wir-ueber-uns\/"},{"@type":"ListItem","position":3,"name":"James T. Peter"}]},{"@type":"WebSite","@id":"https:\/\/www.bellevue-mediation.ch\/de\/#website","url":"https:\/\/www.bellevue-mediation.ch\/de\/","name":"Bellevue Mediation","description":"Verhandeln \u2013\u00a0Ver\u00e4ndern \u2013 L\u00f6sen","publisher":{"@id":"https:\/\/www.bellevue-mediation.ch\/de\/#organization"},"potentialAction":[{"@type":"SearchAction","target":{"@type":"EntryPoint","urlTemplate":"https:\/\/www.bellevue-mediation.ch\/de\/?s={search_term_string}"},"query-input":{"@type":"PropertyValueSpecification","valueRequired":true,"valueName":"search_term_string"}}],"inLanguage":"de-CH"},{"@type":"Organization","@id":"https:\/\/www.bellevue-mediation.ch\/de\/#organization","name":"Bellevue Mediation","url":"https:\/\/www.bellevue-mediation.ch\/de\/","logo":{"@type":"ImageObject","inLanguage":"de-CH","@id":"https:\/\/www.bellevue-mediation.ch\/de\/#\/schema\/logo\/image\/","url":"https:\/\/www.bellevue-mediation.ch\/wp-content\/uploads\/Bellevue_Mediation_Logo_800px.png","contentUrl":"https:\/\/www.bellevue-mediation.ch\/wp-content\/uploads\/Bellevue_Mediation_Logo_800px.png","width":800,"height":142,"caption":"Bellevue Mediation"},"image":{"@id":"https:\/\/www.bellevue-mediation.ch\/de\/#\/schema\/logo\/image\/"}}]}},"_links":{"self":[{"href":"https:\/\/www.bellevue-mediation.ch\/de\/wp-json\/wp\/v2\/pages\/55","targetHints":{"allow":["GET"]}}],"collection":[{"href":"https:\/\/www.bellevue-mediation.ch\/de\/wp-json\/wp\/v2\/pages"}],"about":[{"href":"https:\/\/www.bellevue-mediation.ch\/de\/wp-json\/wp\/v2\/types\/page"}],"author":[{"embeddable":true,"href":"https:\/\/www.bellevue-mediation.ch\/de\/wp-json\/wp\/v2\/users\/2"}],"replies":[{"embeddable":true,"href":"https:\/\/www.bellevue-mediation.ch\/de\/wp-json\/wp\/v2\/comments?post=55"}],"version-history":[{"count":29,"href":"https:\/\/www.bellevue-mediation.ch\/de\/wp-json\/wp\/v2\/pages\/55\/revisions"}],"predecessor-version":[{"id":14292,"href":"https:\/\/www.bellevue-mediation.ch\/de\/wp-json\/wp\/v2\/pages\/55\/revisions\/14292"}],"up":[{"embeddable":true,"href":"https:\/\/www.bellevue-mediation.ch\/de\/wp-json\/wp\/v2\/pages\/2"}],"wp:attachment":[{"href":"https:\/\/www.bellevue-mediation.ch\/de\/wp-json\/wp\/v2\/media?parent=55"}],"curies":[{"name":"wp","href":"https:\/\/api.w.org\/{rel}","templated":true}]}}