{"id":2,"date":"2018-01-30T10:02:32","date_gmt":"2018-01-30T09:02:32","guid":{"rendered":"http:\/\/new.bellevue-mediation.ch\/?page_id=2"},"modified":"2022-04-21T12:29:48","modified_gmt":"2022-04-21T10:29:48","slug":"wir-ueber-uns","status":"publish","type":"page","link":"https:\/\/www.bellevue-mediation.ch\/de\/wir-ueber-uns\/","title":{"rendered":"Wir \u00fcber uns"},"content":{"rendered":"<p><div class=\"et_d4_element et_pb_section et_pb_section_0 bm-header-section et_pb_with_background  et_pb_css_mix_blend_mode et_pb_fullwidth_section et_section_regular et_block_section\" >\n\t\t\t\t\n\t\t\t\t\n\t\t\t\t\n\t\t\t\t\n\t\t\t\t\n\t\t\t\t\n\t\t\t\t<section class=\"et_pb_module et_d4_element et_pb_fullwidth_header et_pb_fullwidth_header_0 bm-header-module  et_pb_css_mix_blend_mode et_pb_text_align_left et_pb_bg_layout_dark\">\n\t\t\t\t\n\t\t\t\t\n\t\t\t\t\n\t\t\t\t\n\t\t\t\t<div class=\"et_pb_fullwidth_header_container left\">\n\t\t\t\t\t<div class=\"header-content-container center\">\n\t\t\t\t\t<div class=\"header-content\">\n\t\t\t\t\t\t\n\t\t\t\t\t\t<h1 class=\"et_pb_module_header\">Wir \u00fcber uns<\/h1>\n\t\t\t\t\t\t\n\t\t\t\t\t\t<div class=\"et_pb_header_content_wrapper\"><\/div>\n\t\t\t\t\t\t\n\t\t\t\t\t<\/div>\n\t\t\t\t<\/div>\n\t\t\t\t\t\n\t\t\t\t<\/div>\n\t\t\t\t<div class=\"et_pb_fullwidth_header_overlay\"><\/div>\n\t\t\t\t<div class=\"et_pb_fullwidth_header_scroll\"><\/div>\n\t\t\t<\/section>\n\t\t\t\t\n\t\t\t\t\n\t\t\t<\/div><div class=\"et_d4_element et_pb_section et_pb_section_1  et_pb_css_mix_blend_mode et_section_regular et_pb_section--with-menu et_block_section\" >\n\t\t\t\t\n\t\t\t\t\n\t\t\t\t\n\t\t\t\t\n\t\t\t\t\n\t\t\t\t\n\t\t\t\t<div class=\"et_d4_element et_pb_row et_pb_row_0  et_pb_css_mix_blend_mode et_block_row\">\n\t\t\t\t<div class=\"et_d4_element et_pb_column_1_2 et_pb_column et_pb_column_0  et_pb_css_mix_blend_mode et_block_column\">\n\t\t\t\t\n\t\t\t\t\n\t\t\t\t\n\t\t\t\t\n\t\t\t\t<div class=\"et_pb_module et_d4_element et_pb_text et_pb_text_0  et_pb_text_align_left et_pb_bg_layout_light\">\n\t\t\t\t\n\t\t\t\t\n\t\t\t\t\n\t\t\t\t\n\t\t\t\t<div class=\"et_pb_text_inner\"><p>Die Bellevue Mediation besteht derzeit aus einer Mediatorin und zwei Mediatoren mit unterschiedlicher beruflicher Herkunft.<\/p>\n<p>Wir verf\u00fcgen \u00fcber eine fundierte Ausbildung in Mediation sowie \u00fcber breite Erfahrung im beruflichen Umgang mit Verhandlungsf\u00fchrung und Konflikten.<\/p>\n<p>Wir arbeiten alleine (Einzel-Mediation) und in Zusammenarbeit (Co-Mediation) je nach Aufgabenstellung und Situation.<\/p>\n<p>Wir arbeiten auch in englischer Sprache.<\/p>\n<p>Wir arbeiten auch f\u00fcr internationale Projekte und vermitteln in l\u00e4nder\u00fcbergreifenden Streitigkeiten.<\/p>\n<p>Wir ben\u00fctzen Intervision und Supervision und bilden uns regelm\u00e4ssig in Konfliktmanagement weiter.<\/p>\n<p>&nbsp;<\/p><\/div>\n\t\t\t<\/div>\n\t\t\t<\/div><div class=\"et_d4_element et_pb_column_1_2 et_pb_column et_pb_column_1  et_pb_css_mix_blend_mode et-last-child et_block_column\">\n\t\t\t\t\n\t\t\t\t\n\t\t\t\t\n\t\t\t\t\n\t\t\t\t<div class=\"et_pb_module et_d4_element et_pb_text et_pb_text_1  et_pb_text_align_left et_pb_bg_layout_light\">\n\t\t\t\t\n\t\t\t\t\n\t\t\t\t\n\t\t\t\t\n\t\t\t\t<div class=\"et_pb_text_inner\"><p>Bei Bedarf arbeiten wir mit anderen Fachpersonen zusammen oder ziehen solche f\u00fcr die ganze Mediation oder eine beschr\u00e4nkte Phase bei.<\/p>\n<ul>\n<li>Bei Baustreitigkeiten zum Beispiel kann der Beizug einer Architektin oder eines Ingenieurs von Vorteil sein.<\/li>\n<li>Im interkulturellen Bereich mag ein Soziologe oder eine Kulturschaffende die Parteien in der Erarbeitung von L\u00f6sungen ihres Konfliktes mit unterst\u00fctzen.<\/li>\n<li>Auch bei Streitigkeiten im IT-Bereich stehen wir im Kontakt zu erfahrenen Fachpersonen.<\/li>\n<\/ul>\n<p>Wir sind Mitglieder in verschiedenen Berufsverb\u00e4nden wie dem Schweizerischen Dachverband Mediation (SDM), dem Schweizerischen Verein f\u00fcr Mediation (SVM), der Schweizerischen Kammer f\u00fcr Wirtschaftsmediation (SKWM), dem Institut f\u00fcr Mediation (IfM) und der American Bar Association, Dispute Resolution Section.<\/p><\/div>\n\t\t\t<\/div>\n\t\t\t<\/div>\n\t\t\t\t\n\t\t\t\t\n\t\t\t\t\n\t\t\t\t\n\t\t\t<\/div><div class=\"et_d4_element et_pb_row et_pb_row_1  et_pb_css_mix_blend_mode et_pb_row--with-menu et_block_row\">\n\t\t\t\t<div class=\"et_d4_element et_pb_column_4_4 et_pb_column et_pb_column_2  et_pb_css_mix_blend_mode et-last-child et_pb_column--with-menu et_block_column\">\n\t\t\t\t\n\t\t\t\t\n\t\t\t\t\n\t\t\t\t\n\t\t\t\t<div id=\"bm-menu-people\" class=\"et_pb_module et_d4_element et_pb_menu et_pb_menu_0 et_pb_bg_layout_light  et_pb_text_align_left et_dropdown_animation_fade et_pb_menu--without-logo et_pb_menu--style-centered\">\n\t\t\t\t\t\n\t\t\t\t\t\n\t\t\t\t\t\n\t\t\t\t\t\n\t\t\t\t\t<div class=\"et_pb_menu_inner_container clearfix\">\n\t\t\t\t\t\t\n\t\t\t\t\t\t<div class=\"et_pb_menu__wrap\">\n\t\t\t\t\t\t\t<div class=\"et_pb_menu__menu\">\n\t\t\t\t\t\t\t\t<nav class=\"et-menu-nav\"><ul id=\"menu-untermenue-wir-ueber-uns-de\" class=\"et-menu nav\"><li id=\"menu-item-1226\" class=\"et_pb_menu_page_id-52 menu-item menu-item-type-post_type menu-item-object-page menu-item-1226\"><a href=\"https:\/\/www.bellevue-mediation.ch\/de\/wir-ueber-uns\/peter-krepper\/\">Peter Krepper<\/a><\/li>\n<li id=\"menu-item-1227\" class=\"et_pb_menu_page_id-55 menu-item menu-item-type-post_type menu-item-object-page menu-item-1227\"><a href=\"https:\/\/www.bellevue-mediation.ch\/de\/wir-ueber-uns\/james-t-peter\/\">James T. Peter<\/a><\/li>\n<li id=\"menu-item-1228\" class=\"et_pb_menu_page_id-59 menu-item menu-item-type-post_type menu-item-object-page menu-item-1228\"><a href=\"https:\/\/www.bellevue-mediation.ch\/de\/wir-ueber-uns\/miriam-rosenthal-rabner\/\">Miriam Rosenthal-Rabner<\/a><\/li>\n<\/ul><\/nav>\n\t\t\t\t\t\t\t<\/div>\n\t\t\t\t\t\t\t\n\t\t\t\t\t\t\t\n\t\t\t\t\t\t\t<div class=\"et_mobile_nav_menu\">\n\t\t\t\t<div class=\"mobile_nav closed\">\n\t\t\t\t\t<span class=\"mobile_menu_bar\"><\/span>\n\t\t\t\t<\/div>\n\t\t\t<\/div>\n\t\t\t\t\t\t<\/div>\n\t\t\t\t\t\t\n\t\t\t\t\t<\/div>\n\t\t\t\t<\/div>\n\t\t\t<\/div>\n\t\t\t\t\n\t\t\t\t\n\t\t\t\t\n\t\t\t\t\n\t\t\t<\/div>\n\t\t\t\t\n\t\t\t\t\n\t\t\t<\/div><\/p>\n","protected":false},"excerpt":{"rendered":"","protected":false},"author":2,"featured_media":0,"parent":0,"menu_order":2,"comment_status":"closed","ping_status":"open","template":"","meta":{"_et_pb_use_builder":"on","_et_pb_old_content":"Die Bellevue Mediation besteht derzeit aus einer Mediatorin und zwei Mediatoren mit unterschiedlicher beruflicher Herkunft.\r\n\r\nWir verf\u00fcgen \u00fcber eine fundierte Ausbildung in Mediation sowie \u00fcber breite Erfahrung im beruflichen Umgang mit Verhandlungsf\u00fchrung und Konflikten.\r\n\r\nWir arbeiten alleine (Einzel-Mediation) und in Zusammenarbeit (Co-Mediation) je nach Aufgabenstellung und Situation.\r\n\r\nWir arbeiten auch in englischer Sprache.\r\n\r\nWir arbeiten auch f\u00fcr internationale Projekte und vermitteln in l\u00e4nder\u00fcbergreifenden Streitigkeiten.\r\n\r\nWir ben\u00fctzen Intervision und Supervision und bilden uns regelm\u00e4ssig in Konfliktmanagement weiter.\r\n\r\nBei Bedarf arbeiten wir mit anderen Fachpersonen zusammen oder ziehen solche f\u00fcr die ganze Mediation oder eine beschr\u00e4nkte Phase bei.\r\n<ul>\r\n \t<li>Bei Baustreitigkeiten zum Beispiel kann der Beizug einer Architektin oder eines Ingenieurs von Vorteil sein.<\/li>\r\n \t<li>Im interkulturellen Bereich mag ein Soziologe oder eine Kulturschaffende die Parteien in der Erarbeitung von L\u00f6sungen ihres Konfliktes mit unterst\u00fctzen.<\/li>\r\n \t<li>Auch bei Streitigkeiten im IT-Bereich stehen wir im Kontakt zu erfahrenen Fachpersonen.<\/li>\r\n<\/ul>\r\nWir sind Mitglieder in verschiedenen Berufsverb\u00e4nden wie dem Schweizerischen Dachverband Mediation (SDM), dem Schweizerischen Verein f\u00fcr Mediation (SVM), der Schweizerischen Kammer f\u00fcr Wirtschaftsmediation (SKWM), dem Institut f\u00fcr Mediation (IfM) und der American Bar Association, Dispute Resolution Section.","_et_gb_content_width":"","footnotes":""},"class_list":["post-2","page","type-page","status-publish","hentry"],"yoast_head":"<!-- This site is optimized with the Yoast SEO plugin v27.3 - https:\/\/yoast.com\/product\/yoast-seo-wordpress\/ -->\n<title>Wir \u00fcber uns &#8211; Bellevue Mediation<\/title>\n<meta name=\"robots\" content=\"index, follow, max-snippet:-1, max-image-preview:large, max-video-preview:-1\" \/>\n<link rel=\"canonical\" href=\"https:\/\/www.bellevue-mediation.ch\/de\/wir-ueber-uns\/\" \/>\n<meta property=\"og:locale\" content=\"de_DE\" \/>\n<meta property=\"og:type\" content=\"article\" \/>\n<meta property=\"og:title\" content=\"Wir \u00fcber uns &#8211; Bellevue Mediation\" \/>\n<meta property=\"og:url\" content=\"https:\/\/www.bellevue-mediation.ch\/de\/wir-ueber-uns\/\" \/>\n<meta property=\"og:site_name\" content=\"Bellevue Mediation\" \/>\n<meta property=\"article:modified_time\" content=\"2022-04-21T10:29:48+00:00\" \/>\n<meta name=\"twitter:card\" content=\"summary_large_image\" \/>\n<meta name=\"twitter:label1\" content=\"Gesch\u00e4tzte Lesezeit\" \/>\n\t<meta name=\"twitter:data1\" content=\"2\u00a0Minuten\" \/>\n<script type=\"application\/ld+json\" class=\"yoast-schema-graph\">{\"@context\":\"https:\\\/\\\/schema.org\",\"@graph\":[{\"@type\":\"WebPage\",\"@id\":\"https:\\\/\\\/www.bellevue-mediation.ch\\\/de\\\/wir-ueber-uns\\\/\",\"url\":\"https:\\\/\\\/www.bellevue-mediation.ch\\\/de\\\/wir-ueber-uns\\\/\",\"name\":\"Wir \u00fcber uns &#8211; Bellevue Mediation\",\"isPartOf\":{\"@id\":\"https:\\\/\\\/www.bellevue-mediation.ch\\\/de\\\/#website\"},\"datePublished\":\"2018-01-30T09:02:32+00:00\",\"dateModified\":\"2022-04-21T10:29:48+00:00\",\"breadcrumb\":{\"@id\":\"https:\\\/\\\/www.bellevue-mediation.ch\\\/de\\\/wir-ueber-uns\\\/#breadcrumb\"},\"inLanguage\":\"de-CH\",\"potentialAction\":[{\"@type\":\"ReadAction\",\"target\":[\"https:\\\/\\\/www.bellevue-mediation.ch\\\/de\\\/wir-ueber-uns\\\/\"]}]},{\"@type\":\"BreadcrumbList\",\"@id\":\"https:\\\/\\\/www.bellevue-mediation.ch\\\/de\\\/wir-ueber-uns\\\/#breadcrumb\",\"itemListElement\":[{\"@type\":\"ListItem\",\"position\":1,\"name\":\"Home\",\"item\":\"https:\\\/\\\/www.bellevue-mediation.ch\\\/de\\\/\"},{\"@type\":\"ListItem\",\"position\":2,\"name\":\"Wir \u00fcber uns\"}]},{\"@type\":\"WebSite\",\"@id\":\"https:\\\/\\\/www.bellevue-mediation.ch\\\/de\\\/#website\",\"url\":\"https:\\\/\\\/www.bellevue-mediation.ch\\\/de\\\/\",\"name\":\"Bellevue Mediation\",\"description\":\"Verhandeln \u2013\u00a0Ver\u00e4ndern \u2013 L\u00f6sen\",\"publisher\":{\"@id\":\"https:\\\/\\\/www.bellevue-mediation.ch\\\/de\\\/#organization\"},\"potentialAction\":[{\"@type\":\"SearchAction\",\"target\":{\"@type\":\"EntryPoint\",\"urlTemplate\":\"https:\\\/\\\/www.bellevue-mediation.ch\\\/de\\\/?s={search_term_string}\"},\"query-input\":{\"@type\":\"PropertyValueSpecification\",\"valueRequired\":true,\"valueName\":\"search_term_string\"}}],\"inLanguage\":\"de-CH\"},{\"@type\":\"Organization\",\"@id\":\"https:\\\/\\\/www.bellevue-mediation.ch\\\/de\\\/#organization\",\"name\":\"Bellevue Mediation\",\"url\":\"https:\\\/\\\/www.bellevue-mediation.ch\\\/de\\\/\",\"logo\":{\"@type\":\"ImageObject\",\"inLanguage\":\"de-CH\",\"@id\":\"https:\\\/\\\/www.bellevue-mediation.ch\\\/de\\\/#\\\/schema\\\/logo\\\/image\\\/\",\"url\":\"https:\\\/\\\/www.bellevue-mediation.ch\\\/wp-content\\\/uploads\\\/Bellevue_Mediation_Logo_800px.png\",\"contentUrl\":\"https:\\\/\\\/www.bellevue-mediation.ch\\\/wp-content\\\/uploads\\\/Bellevue_Mediation_Logo_800px.png\",\"width\":800,\"height\":142,\"caption\":\"Bellevue Mediation\"},\"image\":{\"@id\":\"https:\\\/\\\/www.bellevue-mediation.ch\\\/de\\\/#\\\/schema\\\/logo\\\/image\\\/\"}}]}<\/script>\n<!-- \/ Yoast SEO plugin. -->","yoast_head_json":{"title":"Wir \u00fcber uns &#8211; Bellevue Mediation","robots":{"index":"index","follow":"follow","max-snippet":"max-snippet:-1","max-image-preview":"max-image-preview:large","max-video-preview":"max-video-preview:-1"},"canonical":"https:\/\/www.bellevue-mediation.ch\/de\/wir-ueber-uns\/","og_locale":"de_DE","og_type":"article","og_title":"Wir \u00fcber uns &#8211; Bellevue Mediation","og_url":"https:\/\/www.bellevue-mediation.ch\/de\/wir-ueber-uns\/","og_site_name":"Bellevue Mediation","article_modified_time":"2022-04-21T10:29:48+00:00","twitter_card":"summary_large_image","twitter_misc":{"Gesch\u00e4tzte Lesezeit":"2\u00a0Minuten"},"schema":{"@context":"https:\/\/schema.org","@graph":[{"@type":"WebPage","@id":"https:\/\/www.bellevue-mediation.ch\/de\/wir-ueber-uns\/","url":"https:\/\/www.bellevue-mediation.ch\/de\/wir-ueber-uns\/","name":"Wir \u00fcber uns &#8211; Bellevue Mediation","isPartOf":{"@id":"https:\/\/www.bellevue-mediation.ch\/de\/#website"},"datePublished":"2018-01-30T09:02:32+00:00","dateModified":"2022-04-21T10:29:48+00:00","breadcrumb":{"@id":"https:\/\/www.bellevue-mediation.ch\/de\/wir-ueber-uns\/#breadcrumb"},"inLanguage":"de-CH","potentialAction":[{"@type":"ReadAction","target":["https:\/\/www.bellevue-mediation.ch\/de\/wir-ueber-uns\/"]}]},{"@type":"BreadcrumbList","@id":"https:\/\/www.bellevue-mediation.ch\/de\/wir-ueber-uns\/#breadcrumb","itemListElement":[{"@type":"ListItem","position":1,"name":"Home","item":"https:\/\/www.bellevue-mediation.ch\/de\/"},{"@type":"ListItem","position":2,"name":"Wir \u00fcber uns"}]},{"@type":"WebSite","@id":"https:\/\/www.bellevue-mediation.ch\/de\/#website","url":"https:\/\/www.bellevue-mediation.ch\/de\/","name":"Bellevue Mediation","description":"Verhandeln \u2013\u00a0Ver\u00e4ndern \u2013 L\u00f6sen","publisher":{"@id":"https:\/\/www.bellevue-mediation.ch\/de\/#organization"},"potentialAction":[{"@type":"SearchAction","target":{"@type":"EntryPoint","urlTemplate":"https:\/\/www.bellevue-mediation.ch\/de\/?s={search_term_string}"},"query-input":{"@type":"PropertyValueSpecification","valueRequired":true,"valueName":"search_term_string"}}],"inLanguage":"de-CH"},{"@type":"Organization","@id":"https:\/\/www.bellevue-mediation.ch\/de\/#organization","name":"Bellevue Mediation","url":"https:\/\/www.bellevue-mediation.ch\/de\/","logo":{"@type":"ImageObject","inLanguage":"de-CH","@id":"https:\/\/www.bellevue-mediation.ch\/de\/#\/schema\/logo\/image\/","url":"https:\/\/www.bellevue-mediation.ch\/wp-content\/uploads\/Bellevue_Mediation_Logo_800px.png","contentUrl":"https:\/\/www.bellevue-mediation.ch\/wp-content\/uploads\/Bellevue_Mediation_Logo_800px.png","width":800,"height":142,"caption":"Bellevue Mediation"},"image":{"@id":"https:\/\/www.bellevue-mediation.ch\/de\/#\/schema\/logo\/image\/"}}]}},"_links":{"self":[{"href":"https:\/\/www.bellevue-mediation.ch\/de\/wp-json\/wp\/v2\/pages\/2","targetHints":{"allow":["GET"]}}],"collection":[{"href":"https:\/\/www.bellevue-mediation.ch\/de\/wp-json\/wp\/v2\/pages"}],"about":[{"href":"https:\/\/www.bellevue-mediation.ch\/de\/wp-json\/wp\/v2\/types\/page"}],"author":[{"embeddable":true,"href":"https:\/\/www.bellevue-mediation.ch\/de\/wp-json\/wp\/v2\/users\/2"}],"replies":[{"embeddable":true,"href":"https:\/\/www.bellevue-mediation.ch\/de\/wp-json\/wp\/v2\/comments?post=2"}],"version-history":[{"count":18,"href":"https:\/\/www.bellevue-mediation.ch\/de\/wp-json\/wp\/v2\/pages\/2\/revisions"}],"predecessor-version":[{"id":1367,"href":"https:\/\/www.bellevue-mediation.ch\/de\/wp-json\/wp\/v2\/pages\/2\/revisions\/1367"}],"wp:attachment":[{"href":"https:\/\/www.bellevue-mediation.ch\/de\/wp-json\/wp\/v2\/media?parent=2"}],"curies":[{"name":"wp","href":"https:\/\/api.w.org\/{rel}","templated":true}]}}