{"id":1149,"date":"2021-04-18T16:56:28","date_gmt":"2021-04-18T14:56:28","guid":{"rendered":"https:\/\/new.bellevue-mediation.ch\/?page_id=1149"},"modified":"2021-04-18T17:41:09","modified_gmt":"2021-04-18T15:41:09","slug":"moderation","status":"publish","type":"page","link":"https:\/\/www.bellevue-mediation.ch\/de\/angebot\/moderation\/","title":{"rendered":"Moderation"},"content":{"rendered":"<p><div class=\"et_d4_element et_pb_section et_pb_section_0 bm-header-section et_pb_with_background  et_pb_css_mix_blend_mode et_pb_fullwidth_section et_section_regular et_block_section\" >\n\t\t\t\t\n\t\t\t\t\n\t\t\t\t\n\t\t\t\t\n\t\t\t\t\n\t\t\t\t\n\t\t\t\t<section class=\"et_pb_module et_d4_element et_pb_fullwidth_header et_pb_fullwidth_header_0 bm-header-module  et_pb_css_mix_blend_mode et_pb_text_align_left et_pb_bg_layout_dark\">\n\t\t\t\t\n\t\t\t\t\n\t\t\t\t\n\t\t\t\t\n\t\t\t\t<div class=\"et_pb_fullwidth_header_container left\">\n\t\t\t\t\t<div class=\"header-content-container center\">\n\t\t\t\t\t<div class=\"header-content\">\n\t\t\t\t\t\t\n\t\t\t\t\t\t<h1 class=\"et_pb_module_header\">Moderation<\/h1>\n\t\t\t\t\t\t\n\t\t\t\t\t\t<div class=\"et_pb_header_content_wrapper\"><\/div>\n\t\t\t\t\t\t\n\t\t\t\t\t<\/div>\n\t\t\t\t<\/div>\n\t\t\t\t\t\n\t\t\t\t<\/div>\n\t\t\t\t<div class=\"et_pb_fullwidth_header_overlay\"><\/div>\n\t\t\t\t<div class=\"et_pb_fullwidth_header_scroll\"><\/div>\n\t\t\t<\/section>\n\t\t\t\t\n\t\t\t\t\n\t\t\t<\/div><div class=\"et_d4_element et_pb_section et_pb_section_1  et_pb_css_mix_blend_mode et_section_regular et_block_section\" >\n\t\t\t\t\n\t\t\t\t\n\t\t\t\t\n\t\t\t\t\n\t\t\t\t\n\t\t\t\t\n\t\t\t\t<div class=\"et_d4_element et_pb_row et_pb_row_0  et_pb_css_mix_blend_mode et_block_row\">\n\t\t\t\t<div class=\"et_d4_element et_pb_column_1_2 et_pb_column et_pb_column_0  et_pb_css_mix_blend_mode et_block_column\">\n\t\t\t\t\n\t\t\t\t\n\t\t\t\t\n\t\t\t\t\n\t\t\t\t<div class=\"et_pb_module et_d4_element et_pb_text et_pb_text_0  et_pb_text_align_left et_pb_bg_layout_light\">\n\t\t\t\t\n\t\t\t\t\n\t\t\t\t\n\t\t\t\t\n\t\t\t\t<div class=\"et_pb_text_inner\"><p>In der Moderation \u00fcbernehmen wir f\u00fcr ein vertrauliches Gespr\u00e4ch unter Parteien, sowie auch im Rahmen eines \u00f6ffentlichen Anlasses, die Leitung der Gespr\u00e4chsf\u00fchrung. Ziel ist es, dass alle Beteiligten zu Wort kommen, die jeweiligen Anliegen in einer angenehmen Atmosph\u00e4re behandelt werden k\u00f6nnen und ein zielkonformer Austausch miteinander stattfinden kann.<\/p><\/div>\n\t\t\t<\/div>\n\t\t\t<\/div><div class=\"et_d4_element et_pb_column_1_2 et_pb_column et_pb_column_1  et_pb_css_mix_blend_mode et-last-child et_block_column\">\n\t\t\t\t\n\t\t\t\t\n\t\t\t\t\n\t\t\t\t\n\t\t\t\t<div class=\"et_pb_module et_d4_element et_pb_text et_pb_text_1  et_pb_text_align_left et_pb_bg_layout_light\">\n\t\t\t\t\n\t\t\t\t\n\t\t\t\t\n\t\t\t\t\n\t\t\t\t<div class=\"et_pb_text_inner\"><p>Die Moderation kann in einem mehrstufigen Entwicklungs- und Ver\u00e4nderungs-Prozess stattfinden und dazu verhelfen komplexe Dynamiken und Spannungsfelder zu meistern, um kreative und konstruktive L\u00f6sungen zu erreichen.<\/p><\/div>\n\t\t\t<\/div>\n\t\t\t<\/div>\n\t\t\t\t\n\t\t\t\t\n\t\t\t\t\n\t\t\t\t\n\t\t\t<\/div>\n\t\t\t\t\n\t\t\t\t\n\t\t\t<\/div><\/p>\n","protected":false},"excerpt":{"rendered":"","protected":false},"author":2,"featured_media":0,"parent":1118,"menu_order":0,"comment_status":"closed","ping_status":"closed","template":"","meta":{"_et_pb_use_builder":"on","_et_pb_old_content":"","_et_gb_content_width":"","footnotes":""},"class_list":["post-1149","page","type-page","status-publish","hentry"],"yoast_head":"<!-- This site is optimized with the Yoast SEO plugin v27.4 - https:\/\/yoast.com\/product\/yoast-seo-wordpress\/ -->\n<title>Moderation &#8211; Bellevue Mediation<\/title>\n<meta name=\"robots\" content=\"index, follow, max-snippet:-1, max-image-preview:large, max-video-preview:-1\" \/>\n<link rel=\"canonical\" href=\"https:\/\/www.bellevue-mediation.ch\/de\/angebot\/moderation\/\" \/>\n<meta property=\"og:locale\" content=\"de_DE\" \/>\n<meta property=\"og:type\" content=\"article\" \/>\n<meta property=\"og:title\" content=\"Moderation &#8211; Bellevue Mediation\" \/>\n<meta property=\"og:url\" content=\"https:\/\/www.bellevue-mediation.ch\/de\/angebot\/moderation\/\" \/>\n<meta property=\"og:site_name\" content=\"Bellevue Mediation\" \/>\n<meta property=\"article:modified_time\" content=\"2021-04-18T15:41:09+00:00\" \/>\n<meta name=\"twitter:card\" content=\"summary_large_image\" \/>\n<script type=\"application\/ld+json\" class=\"yoast-schema-graph\">{\"@context\":\"https:\\\/\\\/schema.org\",\"@graph\":[{\"@type\":\"WebPage\",\"@id\":\"https:\\\/\\\/www.bellevue-mediation.ch\\\/de\\\/angebot\\\/moderation\\\/\",\"url\":\"https:\\\/\\\/www.bellevue-mediation.ch\\\/de\\\/angebot\\\/moderation\\\/\",\"name\":\"Moderation &#8211; Bellevue Mediation\",\"isPartOf\":{\"@id\":\"https:\\\/\\\/www.bellevue-mediation.ch\\\/de\\\/#website\"},\"datePublished\":\"2021-04-18T14:56:28+00:00\",\"dateModified\":\"2021-04-18T15:41:09+00:00\",\"breadcrumb\":{\"@id\":\"https:\\\/\\\/www.bellevue-mediation.ch\\\/de\\\/angebot\\\/moderation\\\/#breadcrumb\"},\"inLanguage\":\"de-CH\",\"potentialAction\":[{\"@type\":\"ReadAction\",\"target\":[\"https:\\\/\\\/www.bellevue-mediation.ch\\\/de\\\/angebot\\\/moderation\\\/\"]}]},{\"@type\":\"BreadcrumbList\",\"@id\":\"https:\\\/\\\/www.bellevue-mediation.ch\\\/de\\\/angebot\\\/moderation\\\/#breadcrumb\",\"itemListElement\":[{\"@type\":\"ListItem\",\"position\":1,\"name\":\"Home\",\"item\":\"https:\\\/\\\/www.bellevue-mediation.ch\\\/de\\\/\"},{\"@type\":\"ListItem\",\"position\":2,\"name\":\"Angebot\",\"item\":\"https:\\\/\\\/www.bellevue-mediation.ch\\\/de\\\/angebot\\\/\"},{\"@type\":\"ListItem\",\"position\":3,\"name\":\"Moderation\"}]},{\"@type\":\"WebSite\",\"@id\":\"https:\\\/\\\/www.bellevue-mediation.ch\\\/de\\\/#website\",\"url\":\"https:\\\/\\\/www.bellevue-mediation.ch\\\/de\\\/\",\"name\":\"Bellevue Mediation\",\"description\":\"Verhandeln \u2013\u00a0Ver\u00e4ndern \u2013 L\u00f6sen\",\"publisher\":{\"@id\":\"https:\\\/\\\/www.bellevue-mediation.ch\\\/de\\\/#organization\"},\"potentialAction\":[{\"@type\":\"SearchAction\",\"target\":{\"@type\":\"EntryPoint\",\"urlTemplate\":\"https:\\\/\\\/www.bellevue-mediation.ch\\\/de\\\/?s={search_term_string}\"},\"query-input\":{\"@type\":\"PropertyValueSpecification\",\"valueRequired\":true,\"valueName\":\"search_term_string\"}}],\"inLanguage\":\"de-CH\"},{\"@type\":\"Organization\",\"@id\":\"https:\\\/\\\/www.bellevue-mediation.ch\\\/de\\\/#organization\",\"name\":\"Bellevue Mediation\",\"url\":\"https:\\\/\\\/www.bellevue-mediation.ch\\\/de\\\/\",\"logo\":{\"@type\":\"ImageObject\",\"inLanguage\":\"de-CH\",\"@id\":\"https:\\\/\\\/www.bellevue-mediation.ch\\\/de\\\/#\\\/schema\\\/logo\\\/image\\\/\",\"url\":\"https:\\\/\\\/www.bellevue-mediation.ch\\\/wp-content\\\/uploads\\\/Bellevue_Mediation_Logo_800px.png\",\"contentUrl\":\"https:\\\/\\\/www.bellevue-mediation.ch\\\/wp-content\\\/uploads\\\/Bellevue_Mediation_Logo_800px.png\",\"width\":800,\"height\":142,\"caption\":\"Bellevue Mediation\"},\"image\":{\"@id\":\"https:\\\/\\\/www.bellevue-mediation.ch\\\/de\\\/#\\\/schema\\\/logo\\\/image\\\/\"}}]}<\/script>\n<!-- \/ Yoast SEO plugin. -->","yoast_head_json":{"title":"Moderation &#8211; Bellevue Mediation","robots":{"index":"index","follow":"follow","max-snippet":"max-snippet:-1","max-image-preview":"max-image-preview:large","max-video-preview":"max-video-preview:-1"},"canonical":"https:\/\/www.bellevue-mediation.ch\/de\/angebot\/moderation\/","og_locale":"de_DE","og_type":"article","og_title":"Moderation &#8211; Bellevue Mediation","og_url":"https:\/\/www.bellevue-mediation.ch\/de\/angebot\/moderation\/","og_site_name":"Bellevue Mediation","article_modified_time":"2021-04-18T15:41:09+00:00","twitter_card":"summary_large_image","schema":{"@context":"https:\/\/schema.org","@graph":[{"@type":"WebPage","@id":"https:\/\/www.bellevue-mediation.ch\/de\/angebot\/moderation\/","url":"https:\/\/www.bellevue-mediation.ch\/de\/angebot\/moderation\/","name":"Moderation &#8211; Bellevue Mediation","isPartOf":{"@id":"https:\/\/www.bellevue-mediation.ch\/de\/#website"},"datePublished":"2021-04-18T14:56:28+00:00","dateModified":"2021-04-18T15:41:09+00:00","breadcrumb":{"@id":"https:\/\/www.bellevue-mediation.ch\/de\/angebot\/moderation\/#breadcrumb"},"inLanguage":"de-CH","potentialAction":[{"@type":"ReadAction","target":["https:\/\/www.bellevue-mediation.ch\/de\/angebot\/moderation\/"]}]},{"@type":"BreadcrumbList","@id":"https:\/\/www.bellevue-mediation.ch\/de\/angebot\/moderation\/#breadcrumb","itemListElement":[{"@type":"ListItem","position":1,"name":"Home","item":"https:\/\/www.bellevue-mediation.ch\/de\/"},{"@type":"ListItem","position":2,"name":"Angebot","item":"https:\/\/www.bellevue-mediation.ch\/de\/angebot\/"},{"@type":"ListItem","position":3,"name":"Moderation"}]},{"@type":"WebSite","@id":"https:\/\/www.bellevue-mediation.ch\/de\/#website","url":"https:\/\/www.bellevue-mediation.ch\/de\/","name":"Bellevue Mediation","description":"Verhandeln \u2013\u00a0Ver\u00e4ndern \u2013 L\u00f6sen","publisher":{"@id":"https:\/\/www.bellevue-mediation.ch\/de\/#organization"},"potentialAction":[{"@type":"SearchAction","target":{"@type":"EntryPoint","urlTemplate":"https:\/\/www.bellevue-mediation.ch\/de\/?s={search_term_string}"},"query-input":{"@type":"PropertyValueSpecification","valueRequired":true,"valueName":"search_term_string"}}],"inLanguage":"de-CH"},{"@type":"Organization","@id":"https:\/\/www.bellevue-mediation.ch\/de\/#organization","name":"Bellevue Mediation","url":"https:\/\/www.bellevue-mediation.ch\/de\/","logo":{"@type":"ImageObject","inLanguage":"de-CH","@id":"https:\/\/www.bellevue-mediation.ch\/de\/#\/schema\/logo\/image\/","url":"https:\/\/www.bellevue-mediation.ch\/wp-content\/uploads\/Bellevue_Mediation_Logo_800px.png","contentUrl":"https:\/\/www.bellevue-mediation.ch\/wp-content\/uploads\/Bellevue_Mediation_Logo_800px.png","width":800,"height":142,"caption":"Bellevue Mediation"},"image":{"@id":"https:\/\/www.bellevue-mediation.ch\/de\/#\/schema\/logo\/image\/"}}]}},"_links":{"self":[{"href":"https:\/\/www.bellevue-mediation.ch\/de\/wp-json\/wp\/v2\/pages\/1149","targetHints":{"allow":["GET"]}}],"collection":[{"href":"https:\/\/www.bellevue-mediation.ch\/de\/wp-json\/wp\/v2\/pages"}],"about":[{"href":"https:\/\/www.bellevue-mediation.ch\/de\/wp-json\/wp\/v2\/types\/page"}],"author":[{"embeddable":true,"href":"https:\/\/www.bellevue-mediation.ch\/de\/wp-json\/wp\/v2\/users\/2"}],"replies":[{"embeddable":true,"href":"https:\/\/www.bellevue-mediation.ch\/de\/wp-json\/wp\/v2\/comments?post=1149"}],"version-history":[{"count":3,"href":"https:\/\/www.bellevue-mediation.ch\/de\/wp-json\/wp\/v2\/pages\/1149\/revisions"}],"predecessor-version":[{"id":1185,"href":"https:\/\/www.bellevue-mediation.ch\/de\/wp-json\/wp\/v2\/pages\/1149\/revisions\/1185"}],"up":[{"embeddable":true,"href":"https:\/\/www.bellevue-mediation.ch\/de\/wp-json\/wp\/v2\/pages\/1118"}],"wp:attachment":[{"href":"https:\/\/www.bellevue-mediation.ch\/de\/wp-json\/wp\/v2\/media?parent=1149"}],"curies":[{"name":"wp","href":"https:\/\/api.w.org\/{rel}","templated":true}]}}